{"id":236,"date":"2017-03-26T14:14:56","date_gmt":"2017-03-26T12:14:56","guid":{"rendered":"http:\/\/stomatoloska-poliklinika-dr-knezevic.hr\/wordpress\/?page_id=236"},"modified":"2017-07-10T15:46:22","modified_gmt":"2017-07-10T13:46:22","slug":"kontakt","status":"publish","type":"page","link":"https:\/\/stomatoloska-poliklinika-dr-knezevic.hr\/wordpress\/kontakt\/","title":{"rendered":"Kontakt i lokacija"},"content":{"rendered":"<div class=\"wpb-content-wrapper\"><p>[vc_row css=&#8221;.vc_custom_1498074951773{padding-top: 30px !important;padding-bottom: 30px !important;background-color: #ffffff !important;}&#8221;][vc_column]<div id=\"sc_googlemap_1048330961\" class=\"sc_googlemap\" style=\"width:100%;height:350px;\" data-title=\"\" data-description=\"\" data-address=\"Lapadska Obala 2, 20000 Dubrovnik\" data-latlng=\"42.654422, 18.084666\" data-zoom=\"15\" data-style=\"style1\" data-point=\"http:\/\/stomatoloska-poliklinika-dr-knezevic.hr\/wordpress\/wp-content\/uploads\/2017\/03\/Dr-Knezevic-Dubrovnik-lokacija.png\"><\/div>[\/vc_column][\/vc_row][vc_row][vc_column]<div class=\"sc_section\" style=\"font-size:20px; line-height: 1.3em;\"><div class=\"sc_content content_wrap\" style=\"margin-top:30px !important;margin-bottom:42px !important;\"><div class=\"columns_wrap sc_columns columns_nofluid sc_columns_count_4\"><div class=\"column-1_4 sc_column_item sc_column_item_1 sc_columns_is_hover_no odd first\">[vc_column_text css=&#8221;.vc_custom_1494416684397{margin-top: 13px !important;}&#8221;]<\/p>\n<p style=\"text-align: center;\">Telefon:<br \/>\n020 356 122<\/p>\n<p>[\/vc_column_text]<\/div><div class=\"column-1_4 sc_column_item sc_column_item_2 sc_columns_is_hover_no even\">[vc_column_text css=&#8221;.vc_custom_1494416343636{margin-top: 13px !important;}&#8221;]<\/p>\n<p style=\"text-align: center;\">Email:<br \/>\n<a href=\"mailto:stomatolog@poliklinikaknezevic.com\">stomatolog@poliklinikaknezevic.com<\/a><\/p>\n<p>[\/vc_column_text]<\/div><div class=\"column-1_4 sc_column_item sc_column_item_3 sc_columns_is_hover_no odd\">[vc_column_text css=&#8221;.vc_custom_1494416676588{margin-top: 13px !important;}&#8221;]<\/p>\n<p style=\"text-align: center;\">Radno vrijeme:<br \/>\npon i sri: 13 &#8211; 21 sat<br \/>\nut, cet i pet: 8 &#8211; 18 sati<\/p>\n<p>[\/vc_column_text]<\/div><div class=\"column-1_4 sc_column_item sc_column_item_4 sc_columns_is_hover_no even\">[vc_column_text css=&#8221;.vc_custom_1494416692218{margin-top: 13px !important;}&#8221;]<\/p>\n<p style=\"text-align: center;\">Adresa:<br \/>\nLapadska Obala 2 20000 Dubrovnik<\/p>\n<p>[\/vc_column_text]<\/div><\/div><\/div><\/div>[\/vc_column][\/vc_row]<\/p>\n<\/div>","protected":false},"excerpt":{"rendered":"<p>[vc_row css=&#8221;.vc_custom_1498074951773{padding-top: 30px !important;padding-bottom: 30px !important;background-color: #ffffff !important;}&#8221;][vc_column][\/vc_column][\/vc_row][vc_row][vc_column][\/vc_column][\/vc_row]<\/p>\n","protected":false},"author":1,"featured_media":0,"parent":0,"menu_order":0,"comment_status":"closed","ping_status":"closed","template":"","meta":{"footnotes":""},"class_list":["post-236","page","type-page","status-publish","hentry"],"yoast_head":"<!-- This site is optimized with the Yoast SEO plugin v27.5 - https:\/\/yoast.com\/product\/yoast-seo-wordpress\/ -->\n<title>Kontakt i lokacija - Poliklinika Kne\u017eevi\u0107 - Dubrovnik<\/title>\n<meta name=\"description\" content=\"Kontakt: 020 356 122, stomatolog@poliklinikaknezevic.com. Stomatolo\u0161ka poliklinika Dr. Kne\u017eevi\u0107 smje\u0161tena je u Dubrovniku na adresi Lapadska obala 2.\" \/>\n<meta name=\"robots\" content=\"index, follow, max-snippet:-1, max-image-preview:large, max-video-preview:-1\" \/>\n<link rel=\"canonical\" href=\"https:\/\/stomatoloska-poliklinika-dr-knezevic.hr\/wordpress\/kontakt\/\" \/>\n<meta property=\"og:locale\" content=\"hr_HR\" \/>\n<meta property=\"og:type\" content=\"article\" \/>\n<meta property=\"og:title\" content=\"Kontakt i lokacija - Poliklinika Kne\u017eevi\u0107 - Dubrovnik\" \/>\n<meta property=\"og:description\" content=\"Kontakt: 020 356 122, stomatolog@poliklinikaknezevic.com. Stomatolo\u0161ka poliklinika Dr. Kne\u017eevi\u0107 smje\u0161tena je u Dubrovniku na adresi Lapadska obala 2.\" \/>\n<meta property=\"og:url\" content=\"https:\/\/stomatoloska-poliklinika-dr-knezevic.hr\/wordpress\/kontakt\/\" \/>\n<meta property=\"og:site_name\" content=\"Poliklinika Kne\u017eevi\u0107 - Dubrovnik\" \/>\n<meta property=\"article:modified_time\" content=\"2017-07-10T13:46:22+00:00\" \/>\n<meta name=\"twitter:card\" content=\"summary_large_image\" \/>\n<meta name=\"twitter:label1\" content=\"Procijenjeno vrijeme \u010ditanja\" \/>\n\t<meta name=\"twitter:data1\" content=\"1 minuta\" \/>\n<script type=\"application\/ld+json\" class=\"yoast-schema-graph\">{\"@context\":\"https:\\\/\\\/schema.org\",\"@graph\":[{\"@type\":\"WebPage\",\"@id\":\"https:\\\/\\\/stomatoloska-poliklinika-dr-knezevic.hr\\\/wordpress\\\/kontakt\\\/\",\"url\":\"https:\\\/\\\/stomatoloska-poliklinika-dr-knezevic.hr\\\/wordpress\\\/kontakt\\\/\",\"name\":\"Kontakt i lokacija - Poliklinika Kne\u017eevi\u0107 - Dubrovnik\",\"isPartOf\":{\"@id\":\"https:\\\/\\\/stomatoloska-poliklinika-dr-knezevic.hr\\\/wordpress\\\/#website\"},\"datePublished\":\"2017-03-26T12:14:56+00:00\",\"dateModified\":\"2017-07-10T13:46:22+00:00\",\"description\":\"Kontakt: 020 356 122, stomatolog@poliklinikaknezevic.com. Stomatolo\u0161ka poliklinika Dr. Kne\u017eevi\u0107 smje\u0161tena je u Dubrovniku na adresi Lapadska obala 2.\",\"breadcrumb\":{\"@id\":\"https:\\\/\\\/stomatoloska-poliklinika-dr-knezevic.hr\\\/wordpress\\\/kontakt\\\/#breadcrumb\"},\"inLanguage\":\"hr\",\"potentialAction\":[{\"@type\":\"ReadAction\",\"target\":[\"https:\\\/\\\/stomatoloska-poliklinika-dr-knezevic.hr\\\/wordpress\\\/kontakt\\\/\"]}]},{\"@type\":\"BreadcrumbList\",\"@id\":\"https:\\\/\\\/stomatoloska-poliklinika-dr-knezevic.hr\\\/wordpress\\\/kontakt\\\/#breadcrumb\",\"itemListElement\":[{\"@type\":\"ListItem\",\"position\":1,\"name\":\"Home\",\"item\":\"https:\\\/\\\/stomatoloska-poliklinika-dr-knezevic.hr\\\/wordpress\\\/\"},{\"@type\":\"ListItem\",\"position\":2,\"name\":\"Kontakt i lokacija\"}]},{\"@type\":\"WebSite\",\"@id\":\"https:\\\/\\\/stomatoloska-poliklinika-dr-knezevic.hr\\\/wordpress\\\/#website\",\"url\":\"https:\\\/\\\/stomatoloska-poliklinika-dr-knezevic.hr\\\/wordpress\\\/\",\"name\":\"Poliklinika Kne\u017eevi\u0107 - Dubrovnik\",\"description\":\"\",\"potentialAction\":[{\"@type\":\"SearchAction\",\"target\":{\"@type\":\"EntryPoint\",\"urlTemplate\":\"https:\\\/\\\/stomatoloska-poliklinika-dr-knezevic.hr\\\/wordpress\\\/?s={search_term_string}\"},\"query-input\":{\"@type\":\"PropertyValueSpecification\",\"valueRequired\":true,\"valueName\":\"search_term_string\"}}],\"inLanguage\":\"hr\"}]}<\/script>\n<!-- \/ Yoast SEO plugin. -->","yoast_head_json":{"title":"Kontakt i lokacija - Poliklinika Kne\u017eevi\u0107 - Dubrovnik","description":"Kontakt: 020 356 122, stomatolog@poliklinikaknezevic.com. Stomatolo\u0161ka poliklinika Dr. Kne\u017eevi\u0107 smje\u0161tena je u Dubrovniku na adresi Lapadska obala 2.","robots":{"index":"index","follow":"follow","max-snippet":"max-snippet:-1","max-image-preview":"max-image-preview:large","max-video-preview":"max-video-preview:-1"},"canonical":"https:\/\/stomatoloska-poliklinika-dr-knezevic.hr\/wordpress\/kontakt\/","og_locale":"hr_HR","og_type":"article","og_title":"Kontakt i lokacija - Poliklinika Kne\u017eevi\u0107 - Dubrovnik","og_description":"Kontakt: 020 356 122, stomatolog@poliklinikaknezevic.com. Stomatolo\u0161ka poliklinika Dr. Kne\u017eevi\u0107 smje\u0161tena je u Dubrovniku na adresi Lapadska obala 2.","og_url":"https:\/\/stomatoloska-poliklinika-dr-knezevic.hr\/wordpress\/kontakt\/","og_site_name":"Poliklinika Kne\u017eevi\u0107 - Dubrovnik","article_modified_time":"2017-07-10T13:46:22+00:00","twitter_card":"summary_large_image","twitter_misc":{"Procijenjeno vrijeme \u010ditanja":"1 minuta"},"schema":{"@context":"https:\/\/schema.org","@graph":[{"@type":"WebPage","@id":"https:\/\/stomatoloska-poliklinika-dr-knezevic.hr\/wordpress\/kontakt\/","url":"https:\/\/stomatoloska-poliklinika-dr-knezevic.hr\/wordpress\/kontakt\/","name":"Kontakt i lokacija - Poliklinika Kne\u017eevi\u0107 - Dubrovnik","isPartOf":{"@id":"https:\/\/stomatoloska-poliklinika-dr-knezevic.hr\/wordpress\/#website"},"datePublished":"2017-03-26T12:14:56+00:00","dateModified":"2017-07-10T13:46:22+00:00","description":"Kontakt: 020 356 122, stomatolog@poliklinikaknezevic.com. Stomatolo\u0161ka poliklinika Dr. Kne\u017eevi\u0107 smje\u0161tena je u Dubrovniku na adresi Lapadska obala 2.","breadcrumb":{"@id":"https:\/\/stomatoloska-poliklinika-dr-knezevic.hr\/wordpress\/kontakt\/#breadcrumb"},"inLanguage":"hr","potentialAction":[{"@type":"ReadAction","target":["https:\/\/stomatoloska-poliklinika-dr-knezevic.hr\/wordpress\/kontakt\/"]}]},{"@type":"BreadcrumbList","@id":"https:\/\/stomatoloska-poliklinika-dr-knezevic.hr\/wordpress\/kontakt\/#breadcrumb","itemListElement":[{"@type":"ListItem","position":1,"name":"Home","item":"https:\/\/stomatoloska-poliklinika-dr-knezevic.hr\/wordpress\/"},{"@type":"ListItem","position":2,"name":"Kontakt i lokacija"}]},{"@type":"WebSite","@id":"https:\/\/stomatoloska-poliklinika-dr-knezevic.hr\/wordpress\/#website","url":"https:\/\/stomatoloska-poliklinika-dr-knezevic.hr\/wordpress\/","name":"Poliklinika Kne\u017eevi\u0107 - Dubrovnik","description":"","potentialAction":[{"@type":"SearchAction","target":{"@type":"EntryPoint","urlTemplate":"https:\/\/stomatoloska-poliklinika-dr-knezevic.hr\/wordpress\/?s={search_term_string}"},"query-input":{"@type":"PropertyValueSpecification","valueRequired":true,"valueName":"search_term_string"}}],"inLanguage":"hr"}]}},"_links":{"self":[{"href":"https:\/\/stomatoloska-poliklinika-dr-knezevic.hr\/wordpress\/wp-json\/wp\/v2\/pages\/236","targetHints":{"allow":["GET"]}}],"collection":[{"href":"https:\/\/stomatoloska-poliklinika-dr-knezevic.hr\/wordpress\/wp-json\/wp\/v2\/pages"}],"about":[{"href":"https:\/\/stomatoloska-poliklinika-dr-knezevic.hr\/wordpress\/wp-json\/wp\/v2\/types\/page"}],"author":[{"embeddable":true,"href":"https:\/\/stomatoloska-poliklinika-dr-knezevic.hr\/wordpress\/wp-json\/wp\/v2\/users\/1"}],"replies":[{"embeddable":true,"href":"https:\/\/stomatoloska-poliklinika-dr-knezevic.hr\/wordpress\/wp-json\/wp\/v2\/comments?post=236"}],"version-history":[{"count":2,"href":"https:\/\/stomatoloska-poliklinika-dr-knezevic.hr\/wordpress\/wp-json\/wp\/v2\/pages\/236\/revisions"}],"predecessor-version":[{"id":804,"href":"https:\/\/stomatoloska-poliklinika-dr-knezevic.hr\/wordpress\/wp-json\/wp\/v2\/pages\/236\/revisions\/804"}],"wp:attachment":[{"href":"https:\/\/stomatoloska-poliklinika-dr-knezevic.hr\/wordpress\/wp-json\/wp\/v2\/media?parent=236"}],"curies":[{"name":"wp","href":"https:\/\/api.w.org\/{rel}","templated":true}]}}