{"id":248,"date":"2017-03-26T14:23:33","date_gmt":"2017-03-26T12:23:33","guid":{"rendered":"http:\/\/stomatoloska-poliklinika-dr-knezevic.hr\/wordpress\/?page_id=248"},"modified":"2018-05-25T15:03:27","modified_gmt":"2018-05-25T13:03:27","slug":"ortodoncija","status":"publish","type":"page","link":"https:\/\/stomatoloska-poliklinika-dr-knezevic.hr\/wordpress\/ortodoncija\/","title":{"rendered":"Ortodoncija"},"content":{"rendered":"<div class=\"wpb-content-wrapper\"><p>[vc_row css=&#8221;.vc_custom_1498068537941{margin-top: 20px !important;padding-top: 20px !important;padding-bottom: 30px !important;background-color: #ffffff !important;}&#8221;][vc_column]<div class=\"columns_wrap sc_columns columns_nofluid sc_columns_count_2\"><div class=\"column-1_2 sc_column_item sc_column_item_1 sc_columns_is_hover_no odd first\">[vc_column_text css=&#8221;.vc_custom_1527253383598{margin-top: 0px !important;border-top-width: 0px !important;padding-top: 0px !important;padding-bottom: 10px !important;}&#8221;]<\/p>\n<h2><strong>Ortodoncija<\/strong><\/h2>\n<p>[\/vc_column_text][vc_column_text]<\/p>\n<h3><span style=\"font-size: 16px;\">Ortodoncija obuhva\u0107a dijagnostiku, prevenciju i lije\u010denje malokluzija (nepravilnosti\u00a0 polo\u017eaja i odnosa zubi i \u010deljusti).\u00a0Prvi posjet ortodontu trebao bi biti oko sedme godine \u017eivota, odnosno u periodu izmjene mlije\u010dnih sjekuti\u0107a, te nicanja njihovih trajnih nasljednika. \u00a0Ako postoji potreba, ve\u0107 tada mo\u017ee se krenuti sa ranom ili tzv. <strong>interceptivnom terapijom<\/strong>, ili samo utvrditi ritam posjeta kojima je cilj pra\u0107enje rasta sve do trenutka kada treba zapo\u010deti ortodontsku terapiju.<\/span><\/h3>\n<p>[\/vc_column_text]<\/div><div class=\"column-1_2 sc_column_item sc_column_item_2 sc_columns_is_hover_no even\"><figure class=\"sc_image  sc_image_shape_square\"><img decoding=\"async\" src=\"https:\/\/stomatoloska-poliklinika-dr-knezevic.hr\/wordpress\/wp-content\/uploads\/2017\/03\/ortodoncija-kne\u017eevi\u0107-dubrovnik-e1498069134248.jpg\" alt=\"\" \/><\/figure><\/div><\/div>[\/vc_column][\/vc_row][vc_row][vc_column]<div class=\"sc_accordion sc_accordion_style_1\" style=\"margin-top:3em;\" data-active=\"0\" data-animation=\"animated fadeInUp normal\"><div id=\"sc_accordion_item_1498069384368_1\" class=\"sc_accordion_item odd first\"><h5 class=\"sc_accordion_title\">Ortodontska terapija<span class=\"sc_accordion_closed\"><\/span><\/h5><div class=\"sc_accordion_content\">[vc_column_text]Cilj rane terapije je sprje\u010davanje razvoja anomalija u ve\u0107i problem koji je kasnije te\u017ee rije\u0161iti, tj. u\u010diniti kasniju terapiju fiksnim aparatom nepotrebnom ili jednostavnijom i kra\u0107om. Djetetu poma\u017eemo ukloniti tzv. nepogodne navike kao \u0161to su sisanje prsta, usnice, disanje na usta. Terapija se provodi razli\u010ditim aparatima, ovisno o problemu.<\/p>\n<p>&nbsp;<\/p>\n<p>Ovakvim pristupom mogu se na vrijeme primijetiti eventualna odstupanja od oralnog zdravlja, te se roditelje mo\u017ee posavjetovati o va\u017enosti preventivnih mjera (ovisno o dobi djeteta) kao \u0161to su va\u017enost o\u010duvanja mlije\u010dnih zubi, profesionalna za\u0161tita zubnih struktura, pe\u010da\u0107enje fisura (jamica) na mlije\u010dnim i trajnim zubima.<\/p>\n<p>&nbsp;<\/p>\n<p><strong>Ve\u0107inu anomalija najbolje je tretirati u dobi izme\u0111u 8 i 14 godine.<\/strong> Ali va\u017eno je i naglasiti da ne postoji dobna granica za ortodontsku terapiju. Nepravilnosti zubi i \u010deljusti mogu\u0107e je ispraviti u svakoj \u017eivotnoj dobi.<\/p>\n<p>&nbsp;<\/p>\n<p><strong>Ortodontskom terapijom kod odraslih osim ispravljanja zubi, mogu\u0107e je i dovesti zube u optimalan postav za odr\u017eavanje adekvatne oralne higijene ili izradu mostova i implantata koje bez ortodontskog zahvata ne bi bilo mogu\u0107e izvesti.<\/strong>[\/vc_column_text]<\/div><\/div><div class=\"sc_accordion_item even\"><h5 class=\"sc_accordion_title\"><span class=\"sc_accordion_icon sc_accordion_icon_closed icon-plus\"><\/span><span class=\"sc_accordion_icon sc_accordion_icon_opened icon-minus\"><\/span>Fiksni ortodontski aparat<span class=\"sc_accordion_closed\"><\/span><\/h5><div class=\"sc_accordion_content\"><div class=\"columns_wrap sc_columns columns_nofluid sc_columns_count_3\"><div class=\"column-2_3 sc_column_item sc_column_item_1 sc_columns_is_hover_no odd first span_2\">[vc_column_text]Naju\u010dinkovitiji na\u010din korekcije ortodontskih anomalija je fiksna ortodontska terapija.<\/p>\n<p>&nbsp;<\/p>\n<p>Osnovni dijelovi fiksnog aparata su bravice, prstenovi ili cjev\u010dice koje se lijepe na zube i \u017ei\u010dani lukovi. Fiksni ortodontski aparat mo\u017ee biti metalni ili estetski (kerami\u010dki).<\/p>\n<p>&nbsp;<\/p>\n<p>U na\u0161oj poliklinici ortodontsku terapiju provodimo najkvalitetnijim i najmodernijim postoje\u0107im sustavima bravica koji zadovoljavaju najvi\u0161e estetske standarde, te omogu\u0107uju \u0161to u\u010dinkovitiju i br\u017eu terapiju.[\/vc_column_text]<\/div><div class=\"column-1_3 sc_column_item sc_column_item_3 sc_columns_is_hover_no odd after_span_2\"><figure class=\"sc_image  sc_image_shape_square\"><img decoding=\"async\" src=\"https:\/\/stomatoloska-poliklinika-dr-knezevic.hr\/wordpress\/wp-content\/uploads\/2017\/03\/images-4.jpg\" alt=\"Fiksna protetika\" \/><\/figure><\/div><\/div><\/div><\/div><div class=\"sc_accordion_item odd\"><h5 class=\"sc_accordion_title\"><span class=\"sc_accordion_icon sc_accordion_icon_closed icon-plus\"><\/span><span class=\"sc_accordion_icon sc_accordion_icon_opened icon-minus\"><\/span>Mobilni ortodontski aparat<span class=\"sc_accordion_closed\"><\/span><\/h5><div class=\"sc_accordion_content\"><div class=\"columns_wrap sc_columns columns_nofluid sc_columns_count_3\"><div class=\"column-2_3 sc_column_item sc_column_item_1 sc_columns_is_hover_no odd first span_2\">[vc_column_text]Mobilni ortodontski aparati\u0107i su pomi\u010dne naprave koji pacijenti mogu sami izvaditi i staviti, a mogu se podijeliti na monomaksilarne (obuhva\u0107a jedan zubni luk) i bimaksilarne (obuhva\u0107a oba zubna luka). Slu\u017ee limitiranom pomaku pojedinih zubi i mijenjanju odnosa izme\u0111u gornjeg i donjeg zubnog luka ili se njima poku\u0161ava modificirati rast \u010deljusti. Va\u017eno je naglasiti da mobilne naprave imaju vrlo ograni\u010denu primjenu,\u00a0 kao i da nisu alternativa fiksnoj ortodontskoj terapiji. Koriste se u ranoj fazi ortodontske terapije kod djece sa mje\u0161ovitom denticijom.[\/vc_column_text]<\/div><div class=\"column-1_3 sc_column_item sc_column_item_3 sc_columns_is_hover_no odd after_span_2\"><figure class=\"sc_image  sc_image_shape_square\"><img decoding=\"async\" src=\"https:\/\/stomatoloska-poliklinika-dr-knezevic.hr\/wordpress\/wp-content\/uploads\/2017\/03\/images-2.jpg\" alt=\"mobilna ortodoncija\" \/><\/figure><\/div><\/div><\/div><\/div><div id=\"sc_accordion_item_1490537480562_3\" class=\"sc_accordion_item even\"><h5 class=\"sc_accordion_title\"><span class=\"sc_accordion_icon sc_accordion_icon_closed icon-plus\"><\/span><span class=\"sc_accordion_icon sc_accordion_icon_opened icon-minus\"><\/span>Retencija<span class=\"sc_accordion_closed\"><\/span><\/h5><div class=\"sc_accordion_content\"><div class=\"columns_wrap sc_columns columns_nofluid sc_columns_count_3\"><div class=\"column-2_3 sc_column_item sc_column_item_1 sc_columns_is_hover_no odd first span_2\">[vc_column_text]Skidanjem ortodontskog aparata zavr\u0161ava aktivni dio terapije. Ono \u0161to slijedi je zavr\u0161ni, ali i ne manje va\u017ean korak koji se zove retencija.<\/p>\n<p>&nbsp;<\/p>\n<p><em>Retaineri<\/em> su mobilni naprave izra\u0111ene od posebnih prozirnih folija, koji se nose po skidanju fiksnog aparata, a slu\u017ee zadr\u017eavanju zubi u njihovom pravilnom polo\u017eaju dok se okolna tvrda i meka tkiva ne prilagode novonastaloj situaciji. Retaineri se moraju nositi to\u010dno slijede\u0107i upute, u protivnom se zubi mogu vratiti u svoj prvobitni polo\u017eaj. Retencioni period se odre\u0111uje za svakog pacijenta posebno, kao i vrsta retencijske naprave.<\/p>\n<p>&nbsp;<\/p>\n<p>Retaineri mogu biti i fiksni,a \u010dini ih tanka fleksibilna \u017eica\u00a0 fiksirana na unutarnje plohe gornjih i \/ili donjih prednjih \u0161est zubi. Fiksni \u017ei\u010dani retainer nije vidljiv, ne smeta pri govoru i jelu, ugodan je i prakti\u010dan.[\/vc_column_text]<\/div><div class=\"column-1_3 sc_column_item sc_column_item_3 sc_columns_is_hover_no odd after_span_2\"><figure class=\"sc_image  sc_image_shape_square\"><img decoding=\"async\" src=\"https:\/\/stomatoloska-poliklinika-dr-knezevic.hr\/wordpress\/wp-content\/uploads\/2017\/03\/retencija.jpg\" alt=\"ortodoncija retencija\" \/><\/figure>[vc_empty_space]<figure class=\"sc_image  sc_image_shape_square\"><img decoding=\"async\" src=\"https:\/\/stomatoloska-poliklinika-dr-knezevic.hr\/wordpress\/wp-content\/uploads\/2017\/03\/ortodoncija-1.jpg\" alt=\"ortodoncija\" \/><\/figure><\/div><\/div><\/div><\/div><\/div>[\/vc_column][\/vc_row]<\/p>\n<\/div>","protected":false},"excerpt":{"rendered":"<p>[vc_row css=&#8221;.vc_custom_1498068537941{margin-top: 20px !important;padding-top: 20px !important;padding-bottom: 30px !important;background-color: #ffffff !important;}&#8221;][vc_column][\/vc_column][\/vc_row][vc_row][vc_column][\/vc_column][\/vc_row]<\/p>\n","protected":false},"author":1,"featured_media":0,"parent":0,"menu_order":0,"comment_status":"closed","ping_status":"closed","template":"","meta":{"footnotes":""},"class_list":["post-248","page","type-page","status-publish","hentry"],"yoast_head":"<!-- This site is optimized with the Yoast SEO plugin v27.5 - https:\/\/yoast.com\/product\/yoast-seo-wordpress\/ -->\n<title>Ortodoncija - Poliklinika Kne\u017eevi\u0107 - Dubrovnik<\/title>\n<meta name=\"description\" content=\"Ortodoncija obuhva\u0107a dijagnostiku, prevenciju i lije\u010denje malokluzija (nepravilnosti polo\u017eaja i odnosa zubi i \u010deljusti). Prvi posjet preporu\u010da se sa 7 god.\" \/>\n<meta name=\"robots\" content=\"index, follow, max-snippet:-1, max-image-preview:large, max-video-preview:-1\" \/>\n<link rel=\"canonical\" href=\"https:\/\/stomatoloska-poliklinika-dr-knezevic.hr\/wordpress\/ortodoncija\/\" \/>\n<meta property=\"og:locale\" content=\"hr_HR\" \/>\n<meta property=\"og:type\" content=\"article\" \/>\n<meta property=\"og:title\" content=\"Ortodoncija - Poliklinika Kne\u017eevi\u0107 - Dubrovnik\" \/>\n<meta property=\"og:description\" content=\"Ortodoncija obuhva\u0107a dijagnostiku, prevenciju i lije\u010denje malokluzija (nepravilnosti polo\u017eaja i odnosa zubi i \u010deljusti). Prvi posjet preporu\u010da se sa 7 god.\" \/>\n<meta property=\"og:url\" content=\"https:\/\/stomatoloska-poliklinika-dr-knezevic.hr\/wordpress\/ortodoncija\/\" \/>\n<meta property=\"og:site_name\" content=\"Poliklinika Kne\u017eevi\u0107 - Dubrovnik\" \/>\n<meta property=\"article:modified_time\" content=\"2018-05-25T13:03:27+00:00\" \/>\n<meta name=\"twitter:card\" content=\"summary_large_image\" \/>\n<meta name=\"twitter:label1\" content=\"Procijenjeno vrijeme \u010ditanja\" \/>\n\t<meta name=\"twitter:data1\" content=\"4 minute\" \/>\n<script type=\"application\/ld+json\" class=\"yoast-schema-graph\">{\"@context\":\"https:\\\/\\\/schema.org\",\"@graph\":[{\"@type\":\"WebPage\",\"@id\":\"https:\\\/\\\/stomatoloska-poliklinika-dr-knezevic.hr\\\/wordpress\\\/ortodoncija\\\/\",\"url\":\"https:\\\/\\\/stomatoloska-poliklinika-dr-knezevic.hr\\\/wordpress\\\/ortodoncija\\\/\",\"name\":\"Ortodoncija - Poliklinika Kne\u017eevi\u0107 - Dubrovnik\",\"isPartOf\":{\"@id\":\"https:\\\/\\\/stomatoloska-poliklinika-dr-knezevic.hr\\\/wordpress\\\/#website\"},\"datePublished\":\"2017-03-26T12:23:33+00:00\",\"dateModified\":\"2018-05-25T13:03:27+00:00\",\"description\":\"Ortodoncija obuhva\u0107a dijagnostiku, prevenciju i lije\u010denje malokluzija (nepravilnosti polo\u017eaja i odnosa zubi i \u010deljusti). Prvi posjet preporu\u010da se sa 7 god.\",\"breadcrumb\":{\"@id\":\"https:\\\/\\\/stomatoloska-poliklinika-dr-knezevic.hr\\\/wordpress\\\/ortodoncija\\\/#breadcrumb\"},\"inLanguage\":\"hr\",\"potentialAction\":[{\"@type\":\"ReadAction\",\"target\":[\"https:\\\/\\\/stomatoloska-poliklinika-dr-knezevic.hr\\\/wordpress\\\/ortodoncija\\\/\"]}]},{\"@type\":\"BreadcrumbList\",\"@id\":\"https:\\\/\\\/stomatoloska-poliklinika-dr-knezevic.hr\\\/wordpress\\\/ortodoncija\\\/#breadcrumb\",\"itemListElement\":[{\"@type\":\"ListItem\",\"position\":1,\"name\":\"Home\",\"item\":\"https:\\\/\\\/stomatoloska-poliklinika-dr-knezevic.hr\\\/wordpress\\\/\"},{\"@type\":\"ListItem\",\"position\":2,\"name\":\"Ortodoncija\"}]},{\"@type\":\"WebSite\",\"@id\":\"https:\\\/\\\/stomatoloska-poliklinika-dr-knezevic.hr\\\/wordpress\\\/#website\",\"url\":\"https:\\\/\\\/stomatoloska-poliklinika-dr-knezevic.hr\\\/wordpress\\\/\",\"name\":\"Poliklinika Kne\u017eevi\u0107 - Dubrovnik\",\"description\":\"\",\"potentialAction\":[{\"@type\":\"SearchAction\",\"target\":{\"@type\":\"EntryPoint\",\"urlTemplate\":\"https:\\\/\\\/stomatoloska-poliklinika-dr-knezevic.hr\\\/wordpress\\\/?s={search_term_string}\"},\"query-input\":{\"@type\":\"PropertyValueSpecification\",\"valueRequired\":true,\"valueName\":\"search_term_string\"}}],\"inLanguage\":\"hr\"}]}<\/script>\n<!-- \/ Yoast SEO plugin. -->","yoast_head_json":{"title":"Ortodoncija - Poliklinika Kne\u017eevi\u0107 - Dubrovnik","description":"Ortodoncija obuhva\u0107a dijagnostiku, prevenciju i lije\u010denje malokluzija (nepravilnosti polo\u017eaja i odnosa zubi i \u010deljusti). Prvi posjet preporu\u010da se sa 7 god.","robots":{"index":"index","follow":"follow","max-snippet":"max-snippet:-1","max-image-preview":"max-image-preview:large","max-video-preview":"max-video-preview:-1"},"canonical":"https:\/\/stomatoloska-poliklinika-dr-knezevic.hr\/wordpress\/ortodoncija\/","og_locale":"hr_HR","og_type":"article","og_title":"Ortodoncija - Poliklinika Kne\u017eevi\u0107 - Dubrovnik","og_description":"Ortodoncija obuhva\u0107a dijagnostiku, prevenciju i lije\u010denje malokluzija (nepravilnosti polo\u017eaja i odnosa zubi i \u010deljusti). Prvi posjet preporu\u010da se sa 7 god.","og_url":"https:\/\/stomatoloska-poliklinika-dr-knezevic.hr\/wordpress\/ortodoncija\/","og_site_name":"Poliklinika Kne\u017eevi\u0107 - Dubrovnik","article_modified_time":"2018-05-25T13:03:27+00:00","twitter_card":"summary_large_image","twitter_misc":{"Procijenjeno vrijeme \u010ditanja":"4 minute"},"schema":{"@context":"https:\/\/schema.org","@graph":[{"@type":"WebPage","@id":"https:\/\/stomatoloska-poliklinika-dr-knezevic.hr\/wordpress\/ortodoncija\/","url":"https:\/\/stomatoloska-poliklinika-dr-knezevic.hr\/wordpress\/ortodoncija\/","name":"Ortodoncija - Poliklinika Kne\u017eevi\u0107 - Dubrovnik","isPartOf":{"@id":"https:\/\/stomatoloska-poliklinika-dr-knezevic.hr\/wordpress\/#website"},"datePublished":"2017-03-26T12:23:33+00:00","dateModified":"2018-05-25T13:03:27+00:00","description":"Ortodoncija obuhva\u0107a dijagnostiku, prevenciju i lije\u010denje malokluzija (nepravilnosti polo\u017eaja i odnosa zubi i \u010deljusti). Prvi posjet preporu\u010da se sa 7 god.","breadcrumb":{"@id":"https:\/\/stomatoloska-poliklinika-dr-knezevic.hr\/wordpress\/ortodoncija\/#breadcrumb"},"inLanguage":"hr","potentialAction":[{"@type":"ReadAction","target":["https:\/\/stomatoloska-poliklinika-dr-knezevic.hr\/wordpress\/ortodoncija\/"]}]},{"@type":"BreadcrumbList","@id":"https:\/\/stomatoloska-poliklinika-dr-knezevic.hr\/wordpress\/ortodoncija\/#breadcrumb","itemListElement":[{"@type":"ListItem","position":1,"name":"Home","item":"https:\/\/stomatoloska-poliklinika-dr-knezevic.hr\/wordpress\/"},{"@type":"ListItem","position":2,"name":"Ortodoncija"}]},{"@type":"WebSite","@id":"https:\/\/stomatoloska-poliklinika-dr-knezevic.hr\/wordpress\/#website","url":"https:\/\/stomatoloska-poliklinika-dr-knezevic.hr\/wordpress\/","name":"Poliklinika Kne\u017eevi\u0107 - Dubrovnik","description":"","potentialAction":[{"@type":"SearchAction","target":{"@type":"EntryPoint","urlTemplate":"https:\/\/stomatoloska-poliklinika-dr-knezevic.hr\/wordpress\/?s={search_term_string}"},"query-input":{"@type":"PropertyValueSpecification","valueRequired":true,"valueName":"search_term_string"}}],"inLanguage":"hr"}]}},"_links":{"self":[{"href":"https:\/\/stomatoloska-poliklinika-dr-knezevic.hr\/wordpress\/wp-json\/wp\/v2\/pages\/248","targetHints":{"allow":["GET"]}}],"collection":[{"href":"https:\/\/stomatoloska-poliklinika-dr-knezevic.hr\/wordpress\/wp-json\/wp\/v2\/pages"}],"about":[{"href":"https:\/\/stomatoloska-poliklinika-dr-knezevic.hr\/wordpress\/wp-json\/wp\/v2\/types\/page"}],"author":[{"embeddable":true,"href":"https:\/\/stomatoloska-poliklinika-dr-knezevic.hr\/wordpress\/wp-json\/wp\/v2\/users\/1"}],"replies":[{"embeddable":true,"href":"https:\/\/stomatoloska-poliklinika-dr-knezevic.hr\/wordpress\/wp-json\/wp\/v2\/comments?post=248"}],"version-history":[{"count":5,"href":"https:\/\/stomatoloska-poliklinika-dr-knezevic.hr\/wordpress\/wp-json\/wp\/v2\/pages\/248\/revisions"}],"predecessor-version":[{"id":842,"href":"https:\/\/stomatoloska-poliklinika-dr-knezevic.hr\/wordpress\/wp-json\/wp\/v2\/pages\/248\/revisions\/842"}],"wp:attachment":[{"href":"https:\/\/stomatoloska-poliklinika-dr-knezevic.hr\/wordpress\/wp-json\/wp\/v2\/media?parent=248"}],"curies":[{"name":"wp","href":"https:\/\/api.w.org\/{rel}","templated":true}]}}