{"id":259,"date":"2017-03-26T14:27:26","date_gmt":"2017-03-26T12:27:26","guid":{"rendered":"http:\/\/stomatoloska-poliklinika-dr-knezevic.hr\/wordpress\/?page_id=259"},"modified":"2018-05-25T15:08:36","modified_gmt":"2018-05-25T13:08:36","slug":"dentalni-laser","status":"publish","type":"page","link":"https:\/\/stomatoloska-poliklinika-dr-knezevic.hr\/wordpress\/dentalni-laser\/","title":{"rendered":"Dentalni laser"},"content":{"rendered":"<div class=\"wpb-content-wrapper\"><p>[vc_row css=&#8221;.vc_custom_1498071757055{margin-top: 20px !important;margin-bottom: 20px !important;padding-top: 20px !important;padding-bottom: 20px !important;background-color: #ffffff !important;}&#8221;][vc_column]<div class=\"columns_wrap sc_columns columns_nofluid sc_columns_count_2\"><div class=\"column-1_2 sc_column_item sc_column_item_1 sc_columns_is_hover_no odd first\">[vc_column_text css=&#8221;.vc_custom_1527253607529{margin-top: 0px !important;border-top-width: 0px !important;padding-top: 0px !important;padding-bottom: 10px !important;}&#8221;]<\/p>\n<h2><strong>Dentalni laser<\/strong><\/h2>\n<p>[\/vc_column_text][vc_column_text]<\/p>\n<h3><span style=\"font-size: 16px;\">Poliklinika je opremljena prijenosnim diodnim laserom FOX koji se upotrebljava u svakodnevnim i mnogobrojnim stomatolo\u0161kim zahvatima na mekim tkivima.<\/span><\/h3>\n<h3><\/h3>\n<h3><span style=\"font-size: 16px;\">Laserska tehnologija omogu\u0107ava iznimnu preciznost, bezbolnost zahvata, zahvat bez anestezije i bez krvarenja, te brzo cijeljenje mekih tkiva.<\/span><\/h3>\n<p>[\/vc_column_text]<\/div><div class=\"column-1_2 sc_column_item sc_column_item_2 sc_columns_is_hover_no even\"><figure class=\"sc_image  sc_image_shape_square\"><img decoding=\"async\" src=\"https:\/\/stomatoloska-poliklinika-dr-knezevic.hr\/wordpress\/wp-content\/uploads\/2017\/03\/dentalni-laser-zubar-dubrovnik.jpg\" alt=\"\" \/><\/figure><\/div><\/div>[\/vc_column][\/vc_row][vc_row css=&#8221;.vc_custom_1498071548402{padding-top: 30px !important;padding-bottom: 30px !important;background-color: #ffffff !important;}&#8221;][vc_column][vc_column_text]Primjena diodnog lasera mogu\u0107a je u endodonciji, parodontologiji, kirurgiji, pri izbjeljivanju zubi, te za biostimulaciju tkiva:<\/p>\n<p>&nbsp;<\/p>\n<ul>\n<li>potpoma\u017ee dosada\u0161njoj stomatolo\u0161koj terapiji u zna\u010dajnom reduciranju broja bakterija u korijenskom kanalu zuba, dezifenkciji istog, te cijeljenju upalnog procesa u podru\u010dju vr\u0161ka korijena zuba<\/li>\n<li>u\u00a0 lije\u010denju parodontitisa (upala i povla\u010denje zubnog mesa) kod prisutnih upalnih d\u017eepova, krvarenja, te pomi\u010dnosti zuba uspje\u0161no se odstranjuje upalno, nekroti\u010dno tkivo \u0161to dovodi do reduciranja i nestanka navedenih simptoma<\/li>\n<li>u dentalnoj kirurgiji mnogobrojna je primjena dentalnog lasera na mekim tkivima kod zahvata kao \u0161to su gingivektomija, frenulektomija, gdje je va\u017eno naglasiti da se zahvati odra\u0111uju bez krvarenja, \u0161avova, te postoperativnih bolova<\/li>\n<li>izbjeljivanje s laserom je mnogo sigurnije i u\u010dinkovitije od drugih metoda izbjeljivanja<\/li>\n<li>diodni laser je pogodan i za biostimulaciju tkiva kod smanjenja bolova i br\u017eeg cijeljenja rana nakon va\u0111enja zuba, ubla\u017eavanja bolova u mi\u0161i\u0107ima lica i temporomandibularnom zglobu, te terapiji afti, herpesa i ulkusa u usnoj \u0161upljini<\/li>\n<\/ul>\n<p>[\/vc_column_text][\/vc_column][\/vc_row]<\/p>\n<\/div>","protected":false},"excerpt":{"rendered":"<p>[vc_row css=&#8221;.vc_custom_1498071757055{margin-top: 20px !important;margin-bottom: 20px !important;padding-top: 20px !important;padding-bottom: 20px !important;background-color: #ffffff !important;}&#8221;][vc_column][\/vc_column][\/vc_row][vc_row css=&#8221;.vc_custom_1498071548402{padding-top: 30px !important;padding-bottom: 30px !important;background-color: #ffffff !important;}&#8221;][vc_column][vc_column_text]Primjena diodnog lasera mogu\u0107a je u endodonciji, parodontologiji, kirurgiji, pri izbjeljivanju zubi, te za biostimulaciju tkiva: &nbsp; potpoma\u017ee dosada\u0161njoj stomatolo\u0161koj terapiji u zna\u010dajnom reduciranju broja bakterija u korijenskom kanalu zuba, dezifenkciji istog, te cijeljenju upalnog procesa u [&hellip;]<\/p>\n","protected":false},"author":1,"featured_media":0,"parent":0,"menu_order":0,"comment_status":"closed","ping_status":"closed","template":"","meta":{"footnotes":""},"class_list":["post-259","page","type-page","status-publish","hentry"],"yoast_head":"<!-- This site is optimized with the Yoast SEO plugin v27.5 - https:\/\/yoast.com\/product\/yoast-seo-wordpress\/ -->\n<title>Dentalni laser - Poliklinika Kne\u017eevi\u0107 - Dubrovnik<\/title>\n<meta name=\"description\" content=\"Dentalni laser FOX, kojim je opremljena stomatolo\u0161ka poliklinika, upotrebljava se u svakodnevnim i mnogobrojnim stomatolo\u0161kim zahvatima na mekim tkivima.\" \/>\n<meta name=\"robots\" content=\"index, follow, max-snippet:-1, max-image-preview:large, max-video-preview:-1\" \/>\n<link rel=\"canonical\" href=\"https:\/\/stomatoloska-poliklinika-dr-knezevic.hr\/wordpress\/dentalni-laser\/\" \/>\n<meta property=\"og:locale\" content=\"hr_HR\" \/>\n<meta property=\"og:type\" content=\"article\" \/>\n<meta property=\"og:title\" content=\"Dentalni laser - Poliklinika Kne\u017eevi\u0107 - Dubrovnik\" \/>\n<meta property=\"og:description\" content=\"Dentalni laser FOX, kojim je opremljena stomatolo\u0161ka poliklinika, upotrebljava se u svakodnevnim i mnogobrojnim stomatolo\u0161kim zahvatima na mekim tkivima.\" \/>\n<meta property=\"og:url\" content=\"https:\/\/stomatoloska-poliklinika-dr-knezevic.hr\/wordpress\/dentalni-laser\/\" \/>\n<meta property=\"og:site_name\" content=\"Poliklinika Kne\u017eevi\u0107 - Dubrovnik\" \/>\n<meta property=\"article:modified_time\" content=\"2018-05-25T13:08:36+00:00\" \/>\n<meta name=\"twitter:card\" content=\"summary_large_image\" \/>\n<meta name=\"twitter:label1\" content=\"Procijenjeno vrijeme \u010ditanja\" \/>\n\t<meta name=\"twitter:data1\" content=\"2 minute\" \/>\n<script type=\"application\/ld+json\" class=\"yoast-schema-graph\">{\"@context\":\"https:\\\/\\\/schema.org\",\"@graph\":[{\"@type\":\"WebPage\",\"@id\":\"https:\\\/\\\/stomatoloska-poliklinika-dr-knezevic.hr\\\/wordpress\\\/dentalni-laser\\\/\",\"url\":\"https:\\\/\\\/stomatoloska-poliklinika-dr-knezevic.hr\\\/wordpress\\\/dentalni-laser\\\/\",\"name\":\"Dentalni laser - Poliklinika Kne\u017eevi\u0107 - Dubrovnik\",\"isPartOf\":{\"@id\":\"https:\\\/\\\/stomatoloska-poliklinika-dr-knezevic.hr\\\/wordpress\\\/#website\"},\"datePublished\":\"2017-03-26T12:27:26+00:00\",\"dateModified\":\"2018-05-25T13:08:36+00:00\",\"description\":\"Dentalni laser FOX, kojim je opremljena stomatolo\u0161ka poliklinika, upotrebljava se u svakodnevnim i mnogobrojnim stomatolo\u0161kim zahvatima na mekim tkivima.\",\"breadcrumb\":{\"@id\":\"https:\\\/\\\/stomatoloska-poliklinika-dr-knezevic.hr\\\/wordpress\\\/dentalni-laser\\\/#breadcrumb\"},\"inLanguage\":\"hr\",\"potentialAction\":[{\"@type\":\"ReadAction\",\"target\":[\"https:\\\/\\\/stomatoloska-poliklinika-dr-knezevic.hr\\\/wordpress\\\/dentalni-laser\\\/\"]}]},{\"@type\":\"BreadcrumbList\",\"@id\":\"https:\\\/\\\/stomatoloska-poliklinika-dr-knezevic.hr\\\/wordpress\\\/dentalni-laser\\\/#breadcrumb\",\"itemListElement\":[{\"@type\":\"ListItem\",\"position\":1,\"name\":\"Home\",\"item\":\"https:\\\/\\\/stomatoloska-poliklinika-dr-knezevic.hr\\\/wordpress\\\/\"},{\"@type\":\"ListItem\",\"position\":2,\"name\":\"Dentalni laser\"}]},{\"@type\":\"WebSite\",\"@id\":\"https:\\\/\\\/stomatoloska-poliklinika-dr-knezevic.hr\\\/wordpress\\\/#website\",\"url\":\"https:\\\/\\\/stomatoloska-poliklinika-dr-knezevic.hr\\\/wordpress\\\/\",\"name\":\"Poliklinika Kne\u017eevi\u0107 - Dubrovnik\",\"description\":\"\",\"potentialAction\":[{\"@type\":\"SearchAction\",\"target\":{\"@type\":\"EntryPoint\",\"urlTemplate\":\"https:\\\/\\\/stomatoloska-poliklinika-dr-knezevic.hr\\\/wordpress\\\/?s={search_term_string}\"},\"query-input\":{\"@type\":\"PropertyValueSpecification\",\"valueRequired\":true,\"valueName\":\"search_term_string\"}}],\"inLanguage\":\"hr\"}]}<\/script>\n<!-- \/ Yoast SEO plugin. -->","yoast_head_json":{"title":"Dentalni laser - Poliklinika Kne\u017eevi\u0107 - Dubrovnik","description":"Dentalni laser FOX, kojim je opremljena stomatolo\u0161ka poliklinika, upotrebljava se u svakodnevnim i mnogobrojnim stomatolo\u0161kim zahvatima na mekim tkivima.","robots":{"index":"index","follow":"follow","max-snippet":"max-snippet:-1","max-image-preview":"max-image-preview:large","max-video-preview":"max-video-preview:-1"},"canonical":"https:\/\/stomatoloska-poliklinika-dr-knezevic.hr\/wordpress\/dentalni-laser\/","og_locale":"hr_HR","og_type":"article","og_title":"Dentalni laser - Poliklinika Kne\u017eevi\u0107 - Dubrovnik","og_description":"Dentalni laser FOX, kojim je opremljena stomatolo\u0161ka poliklinika, upotrebljava se u svakodnevnim i mnogobrojnim stomatolo\u0161kim zahvatima na mekim tkivima.","og_url":"https:\/\/stomatoloska-poliklinika-dr-knezevic.hr\/wordpress\/dentalni-laser\/","og_site_name":"Poliklinika Kne\u017eevi\u0107 - Dubrovnik","article_modified_time":"2018-05-25T13:08:36+00:00","twitter_card":"summary_large_image","twitter_misc":{"Procijenjeno vrijeme \u010ditanja":"2 minute"},"schema":{"@context":"https:\/\/schema.org","@graph":[{"@type":"WebPage","@id":"https:\/\/stomatoloska-poliklinika-dr-knezevic.hr\/wordpress\/dentalni-laser\/","url":"https:\/\/stomatoloska-poliklinika-dr-knezevic.hr\/wordpress\/dentalni-laser\/","name":"Dentalni laser - Poliklinika Kne\u017eevi\u0107 - Dubrovnik","isPartOf":{"@id":"https:\/\/stomatoloska-poliklinika-dr-knezevic.hr\/wordpress\/#website"},"datePublished":"2017-03-26T12:27:26+00:00","dateModified":"2018-05-25T13:08:36+00:00","description":"Dentalni laser FOX, kojim je opremljena stomatolo\u0161ka poliklinika, upotrebljava se u svakodnevnim i mnogobrojnim stomatolo\u0161kim zahvatima na mekim tkivima.","breadcrumb":{"@id":"https:\/\/stomatoloska-poliklinika-dr-knezevic.hr\/wordpress\/dentalni-laser\/#breadcrumb"},"inLanguage":"hr","potentialAction":[{"@type":"ReadAction","target":["https:\/\/stomatoloska-poliklinika-dr-knezevic.hr\/wordpress\/dentalni-laser\/"]}]},{"@type":"BreadcrumbList","@id":"https:\/\/stomatoloska-poliklinika-dr-knezevic.hr\/wordpress\/dentalni-laser\/#breadcrumb","itemListElement":[{"@type":"ListItem","position":1,"name":"Home","item":"https:\/\/stomatoloska-poliklinika-dr-knezevic.hr\/wordpress\/"},{"@type":"ListItem","position":2,"name":"Dentalni laser"}]},{"@type":"WebSite","@id":"https:\/\/stomatoloska-poliklinika-dr-knezevic.hr\/wordpress\/#website","url":"https:\/\/stomatoloska-poliklinika-dr-knezevic.hr\/wordpress\/","name":"Poliklinika Kne\u017eevi\u0107 - Dubrovnik","description":"","potentialAction":[{"@type":"SearchAction","target":{"@type":"EntryPoint","urlTemplate":"https:\/\/stomatoloska-poliklinika-dr-knezevic.hr\/wordpress\/?s={search_term_string}"},"query-input":{"@type":"PropertyValueSpecification","valueRequired":true,"valueName":"search_term_string"}}],"inLanguage":"hr"}]}},"_links":{"self":[{"href":"https:\/\/stomatoloska-poliklinika-dr-knezevic.hr\/wordpress\/wp-json\/wp\/v2\/pages\/259","targetHints":{"allow":["GET"]}}],"collection":[{"href":"https:\/\/stomatoloska-poliklinika-dr-knezevic.hr\/wordpress\/wp-json\/wp\/v2\/pages"}],"about":[{"href":"https:\/\/stomatoloska-poliklinika-dr-knezevic.hr\/wordpress\/wp-json\/wp\/v2\/types\/page"}],"author":[{"embeddable":true,"href":"https:\/\/stomatoloska-poliklinika-dr-knezevic.hr\/wordpress\/wp-json\/wp\/v2\/users\/1"}],"replies":[{"embeddable":true,"href":"https:\/\/stomatoloska-poliklinika-dr-knezevic.hr\/wordpress\/wp-json\/wp\/v2\/comments?post=259"}],"version-history":[{"count":5,"href":"https:\/\/stomatoloska-poliklinika-dr-knezevic.hr\/wordpress\/wp-json\/wp\/v2\/pages\/259\/revisions"}],"predecessor-version":[{"id":845,"href":"https:\/\/stomatoloska-poliklinika-dr-knezevic.hr\/wordpress\/wp-json\/wp\/v2\/pages\/259\/revisions\/845"}],"wp:attachment":[{"href":"https:\/\/stomatoloska-poliklinika-dr-knezevic.hr\/wordpress\/wp-json\/wp\/v2\/media?parent=259"}],"curies":[{"name":"wp","href":"https:\/\/api.w.org\/{rel}","templated":true}]}}