{"id":530,"date":"2017-05-23T20:51:39","date_gmt":"2017-05-23T18:51:39","guid":{"rendered":"http:\/\/stomatoloska-poliklinika-dr-knezevic.hr\/wordpress\/?page_id=530"},"modified":"2017-07-10T15:33:55","modified_gmt":"2017-07-10T13:33:55","slug":"o-poliklinici-knezevic","status":"publish","type":"page","link":"https:\/\/stomatoloska-poliklinika-dr-knezevic.hr\/wordpress\/o-poliklinici-knezevic\/","title":{"rendered":"O nama"},"content":{"rendered":"<div class=\"wpb-content-wrapper\"><p>[vc_row css=&#8221;.vc_custom_1495726526699{margin-top: 30px !important;background-color: #ffffff !important;}&#8221;][vc_column]<div class=\"columns_wrap sc_columns columns_nofluid sc_columns_count_3\"><div class=\"column-3_3 sc_column_item sc_column_item_1 sc_columns_is_hover_no odd first span_3\"><blockquote class=\"sc_quote\"><p>[vc_column_text]Stomatolo\u0161ka poliklinika \u201eDr.Kne\u017eevi\u0107\u201c smje\u0161tena je u\u00a0 Dubrovniku na adresi Lapadska obala 2. Poliklinika je registrirana 2005. godine, djeluju\u0107i jo\u0161 od 1972. godine kao stomatolo\u0161ka ordinacija koju osniva dr. Refika Kne\u017eevi\u0107.[\/vc_column_text]<\/p><\/blockquote><\/div><\/div>[\/vc_column][\/vc_row][vc_row css=&#8221;.vc_custom_1498055905505{margin-top: 10px !important;}&#8221;][vc_column]<div class=\"columns_wrap sc_columns columns_nofluid sc_columns_count_3\"><div class=\"column-2_3 sc_column_item sc_column_item_1 sc_columns_is_hover_no odd first span_2\"><figure class=\"sc_image  sc_image_shape_square\"><img decoding=\"async\" src=\"https:\/\/stomatoloska-poliklinika-dr-knezevic.hr\/wordpress\/wp-content\/uploads\/2017\/05\/Stomatoloska-poliklinika-dr.-Knezevic.jpg\" alt=\"\" \/><\/figure><\/div><div class=\"column-1_3 sc_column_item sc_column_item_3 sc_columns_is_hover_no odd after_span_2\">[vc_custom_heading text=&#8221;Dr. Refika Kne\u017eevi\u0107&#8221; font_container=&#8221;tag:h2|text_align:left|color:%2306a28a&#8221; use_theme_fonts=&#8221;yes&#8221; css=&#8221;.vc_custom_1498055820749{margin-bottom: 20px !important;}&#8221;][vc_column_text]<\/p>\n<h4 class=\"vc_custom_heading vc_custom_1493207435663\">Dr. Refika Kne\u017eevi\u0107 uz dugogodi\u0161nji polivalentni rad i klini\u010dko iskustvo, kontinuirano se educira na mnogobrojnim stru\u010dnim kongresima i te\u010dajevima u zemlji i inozemstvu. U svom radu prati svjetske trendove stomatolo\u0161kih usluga, u stomatolo\u0161koj dijagnostici i terapiji.<\/h4>\n<p>[\/vc_column_text][vc_custom_heading text=&#8221;Dr. Jasmina Kne\u017eevi\u0107&#8221; font_container=&#8221;tag:h2|text_align:left|color:%2306a28a&#8221; use_theme_fonts=&#8221;yes&#8221; css=&#8221;.vc_custom_1498055855141{margin-top: 20px !important;margin-bottom: 20px !important;}&#8221;][vc_column_text]<\/p>\n<h4 class=\"vc_custom_heading vc_custom_1493207435663\">Dr. Jasmina Kne\u017eevi\u0107 joj se pridru\u017euje 2005. godine kada zavr\u0161ava Stomatolo\u0161ki fakultet u Zagrebu. Naziv specijalist ortodoncije stje\u010de 2010. godine, redovito prate\u0107i razvoj terapeutskih mogu\u0107nosti i suvremene tehnologije u stomatologiji i ortodonciji.<\/h4>\n<p>[\/vc_column_text]<\/div><\/div>[\/vc_column][\/vc_row][vc_row css=&#8221;.vc_custom_1498057255943{margin-top: 30px !important;margin-bottom: 0px !important;margin-left: 0px !important;border-bottom-width: 10px !important;border-left-width: 0px !important;padding-bottom: 30px !important;padding-left: 5px !important;background-color: #ffffff !important;}&#8221;][vc_column]<div class=\"columns_wrap sc_columns columns_nofluid sc_columns_count_3\"><div class=\"column-2_3 sc_column_item sc_column_item_1 sc_columns_is_hover_no odd first span_2\"><blockquote class=\"sc_quote\"><p>[vc_column_text]<\/p>\n<h4>Stomatolo\u0161ki zahvati u na\u0161oj poliklinici se pru\u017eaju potpuno bezbolno u ugodnoj, opu\u0161tenoj atmosferi. Upotrebljavamo vrhunske suvremene materijale i tehnike rada da bi na\u0161im pacijentima pru\u017eili kvalitetnu uslugu u najkra\u0107em mogu\u0107em vremenu.<\/h4>\n<p>[\/vc_column_text]<\/p><\/blockquote><blockquote class=\"sc_quote\"><p>[vc_column_text css=&#8221;.vc_custom_1495731876446{margin-right: 50px !important;}&#8221;]<\/p>\n<h4>Prate\u0107i potrebe dana\u0161njice za estetikom svaki na\u0161 zahvat zapravo je dio estetske dentalne medicine, po\u010dev\u0161i od restaurativnih postupaka kao \u0161to su estetski ispuni, protetskih nadomjestaka razli\u010ditih vrsta (krunica, mostova, ljuskica), pa sve do izbjeljivanja zubi i ortodoncije.<\/h4>\n<h4>Pri tome, naravno, ne zanemarujemo osnovnu zada\u0107u stomatologije, a to je harmoni\u010dno funkcioniranje \u017eva\u010dnog sustava.<\/h4>\n<p>[\/vc_column_text]<\/p><\/blockquote><\/div><div class=\"column-1_3 sc_column_item sc_column_item_3 sc_columns_is_hover_no odd after_span_2\"><figure class=\"sc_image  sc_image_shape_square\"><img decoding=\"async\" src=\"https:\/\/stomatoloska-poliklinika-dr-knezevic.hr\/wordpress\/wp-content\/uploads\/2017\/05\/Stomatolog_Dubrovnik_Doktorica_Jasmina_Kne\u017eevi\u0107.jpg\" alt=\"\" \/><\/figure><\/div><\/div>[\/vc_column][\/vc_row][vc_row css=&#8221;.vc_custom_1498057139912{margin-top: 20px !important;}&#8221;][vc_column]<div class=\"columns_wrap sc_columns columns_nofluid sc_columns_count_2\"><div class=\"column-1_2 sc_column_item sc_column_item_1 sc_columns_is_hover_no odd first\"><figure class=\"sc_image  sc_image_shape_square\"><img decoding=\"async\" src=\"https:\/\/stomatoloska-poliklinika-dr-knezevic.hr\/wordpress\/wp-content\/uploads\/2017\/05\/Ordinacija_dr_Knezevic-1.jpg\" alt=\"\" \/><\/figure><\/div><div class=\"column-1_2 sc_column_item sc_column_item_2 sc_columns_is_hover_no even\"><figure class=\"sc_image  sc_image_shape_square\"><img decoding=\"async\" src=\"https:\/\/stomatoloska-poliklinika-dr-knezevic.hr\/wordpress\/wp-content\/uploads\/2017\/05\/Stomatoloska-ordinacija-Dubrovnik-1.jpg\" alt=\"Stomatoloska-ordinacija-Dubrovnik\" \/><\/figure><\/div><\/div>[\/vc_column][\/vc_row]<\/p>\n<\/div>","protected":false},"excerpt":{"rendered":"<p>[vc_row css=&#8221;.vc_custom_1495726526699{margin-top: 30px !important;background-color: #ffffff !important;}&#8221;][vc_column][\/vc_column][\/vc_row][vc_row css=&#8221;.vc_custom_1498055905505{margin-top: 10px !important;}&#8221;][vc_column][\/vc_column][\/vc_row][vc_row css=&#8221;.vc_custom_1498057255943{margin-top: 30px !important;margin-bottom: 0px !important;margin-left: 0px !important;border-bottom-width: 10px !important;border-left-width: 0px !important;padding-bottom: 30px !important;padding-left: 5px !important;background-color: #ffffff !important;}&#8221;][vc_column][\/vc_column][\/vc_row][vc_row css=&#8221;.vc_custom_1498057139912{margin-top: 20px !important;}&#8221;][vc_column][\/vc_column][\/vc_row]<\/p>\n","protected":false},"author":1,"featured_media":0,"parent":0,"menu_order":0,"comment_status":"closed","ping_status":"closed","template":"","meta":{"footnotes":""},"class_list":["post-530","page","type-page","status-publish","hentry"],"yoast_head":"<!-- This site is optimized with the Yoast SEO plugin v27.5 - https:\/\/yoast.com\/product\/yoast-seo-wordpress\/ -->\n<title>O nama - Poliklinika Kne\u017eevi\u0107 - Dubrovnik<\/title>\n<meta name=\"robots\" content=\"index, follow, max-snippet:-1, max-image-preview:large, max-video-preview:-1\" \/>\n<link rel=\"canonical\" href=\"https:\/\/stomatoloska-poliklinika-dr-knezevic.hr\/wordpress\/o-poliklinici-knezevic\/\" \/>\n<meta property=\"og:locale\" content=\"hr_HR\" \/>\n<meta property=\"og:type\" content=\"article\" \/>\n<meta property=\"og:title\" content=\"O nama - Poliklinika Kne\u017eevi\u0107 - Dubrovnik\" \/>\n<meta property=\"og:description\" content=\"[vc_row css=&#8221;.vc_custom_1495726526699{margin-top: 30px !important;background-color: #ffffff !important;}&#8221;][vc_column][\/vc_column][\/vc_row][vc_row css=&#8221;.vc_custom_1498055905505{margin-top: 10px !important;}&#8221;][vc_column][\/vc_column][\/vc_row][vc_row css=&#8221;.vc_custom_1498057255943{margin-top: 30px !important;margin-bottom: 0px !important;margin-left: 0px !important;border-bottom-width: 10px !important;border-left-width: 0px !important;padding-bottom: 30px !important;padding-left: 5px !important;background-color: #ffffff !important;}&#8221;][vc_column][\/vc_column][\/vc_row][vc_row css=&#8221;.vc_custom_1498057139912{margin-top: 20px !important;}&#8221;][vc_column][\/vc_column][\/vc_row]\" \/>\n<meta property=\"og:url\" content=\"https:\/\/stomatoloska-poliklinika-dr-knezevic.hr\/wordpress\/o-poliklinici-knezevic\/\" \/>\n<meta property=\"og:site_name\" content=\"Poliklinika Kne\u017eevi\u0107 - Dubrovnik\" \/>\n<meta property=\"article:modified_time\" content=\"2017-07-10T13:33:55+00:00\" \/>\n<meta name=\"twitter:card\" content=\"summary_large_image\" \/>\n<meta name=\"twitter:label1\" content=\"Procijenjeno vrijeme \u010ditanja\" \/>\n\t<meta name=\"twitter:data1\" content=\"2 minute\" \/>\n<script type=\"application\/ld+json\" class=\"yoast-schema-graph\">{\"@context\":\"https:\\\/\\\/schema.org\",\"@graph\":[{\"@type\":\"WebPage\",\"@id\":\"https:\\\/\\\/stomatoloska-poliklinika-dr-knezevic.hr\\\/wordpress\\\/o-poliklinici-knezevic\\\/\",\"url\":\"https:\\\/\\\/stomatoloska-poliklinika-dr-knezevic.hr\\\/wordpress\\\/o-poliklinici-knezevic\\\/\",\"name\":\"O nama - Poliklinika Kne\u017eevi\u0107 - Dubrovnik\",\"isPartOf\":{\"@id\":\"https:\\\/\\\/stomatoloska-poliklinika-dr-knezevic.hr\\\/wordpress\\\/#website\"},\"datePublished\":\"2017-05-23T18:51:39+00:00\",\"dateModified\":\"2017-07-10T13:33:55+00:00\",\"breadcrumb\":{\"@id\":\"https:\\\/\\\/stomatoloska-poliklinika-dr-knezevic.hr\\\/wordpress\\\/o-poliklinici-knezevic\\\/#breadcrumb\"},\"inLanguage\":\"hr\",\"potentialAction\":[{\"@type\":\"ReadAction\",\"target\":[\"https:\\\/\\\/stomatoloska-poliklinika-dr-knezevic.hr\\\/wordpress\\\/o-poliklinici-knezevic\\\/\"]}]},{\"@type\":\"BreadcrumbList\",\"@id\":\"https:\\\/\\\/stomatoloska-poliklinika-dr-knezevic.hr\\\/wordpress\\\/o-poliklinici-knezevic\\\/#breadcrumb\",\"itemListElement\":[{\"@type\":\"ListItem\",\"position\":1,\"name\":\"Home\",\"item\":\"https:\\\/\\\/stomatoloska-poliklinika-dr-knezevic.hr\\\/wordpress\\\/\"},{\"@type\":\"ListItem\",\"position\":2,\"name\":\"O nama\"}]},{\"@type\":\"WebSite\",\"@id\":\"https:\\\/\\\/stomatoloska-poliklinika-dr-knezevic.hr\\\/wordpress\\\/#website\",\"url\":\"https:\\\/\\\/stomatoloska-poliklinika-dr-knezevic.hr\\\/wordpress\\\/\",\"name\":\"Poliklinika Kne\u017eevi\u0107 - Dubrovnik\",\"description\":\"\",\"potentialAction\":[{\"@type\":\"SearchAction\",\"target\":{\"@type\":\"EntryPoint\",\"urlTemplate\":\"https:\\\/\\\/stomatoloska-poliklinika-dr-knezevic.hr\\\/wordpress\\\/?s={search_term_string}\"},\"query-input\":{\"@type\":\"PropertyValueSpecification\",\"valueRequired\":true,\"valueName\":\"search_term_string\"}}],\"inLanguage\":\"hr\"}]}<\/script>\n<!-- \/ Yoast SEO plugin. -->","yoast_head_json":{"title":"O nama - Poliklinika Kne\u017eevi\u0107 - Dubrovnik","robots":{"index":"index","follow":"follow","max-snippet":"max-snippet:-1","max-image-preview":"max-image-preview:large","max-video-preview":"max-video-preview:-1"},"canonical":"https:\/\/stomatoloska-poliklinika-dr-knezevic.hr\/wordpress\/o-poliklinici-knezevic\/","og_locale":"hr_HR","og_type":"article","og_title":"O nama - Poliklinika Kne\u017eevi\u0107 - Dubrovnik","og_description":"[vc_row css=&#8221;.vc_custom_1495726526699{margin-top: 30px !important;background-color: #ffffff !important;}&#8221;][vc_column][\/vc_column][\/vc_row][vc_row css=&#8221;.vc_custom_1498055905505{margin-top: 10px !important;}&#8221;][vc_column][\/vc_column][\/vc_row][vc_row css=&#8221;.vc_custom_1498057255943{margin-top: 30px !important;margin-bottom: 0px !important;margin-left: 0px !important;border-bottom-width: 10px !important;border-left-width: 0px !important;padding-bottom: 30px !important;padding-left: 5px !important;background-color: #ffffff !important;}&#8221;][vc_column][\/vc_column][\/vc_row][vc_row css=&#8221;.vc_custom_1498057139912{margin-top: 20px !important;}&#8221;][vc_column][\/vc_column][\/vc_row]","og_url":"https:\/\/stomatoloska-poliklinika-dr-knezevic.hr\/wordpress\/o-poliklinici-knezevic\/","og_site_name":"Poliklinika Kne\u017eevi\u0107 - Dubrovnik","article_modified_time":"2017-07-10T13:33:55+00:00","twitter_card":"summary_large_image","twitter_misc":{"Procijenjeno vrijeme \u010ditanja":"2 minute"},"schema":{"@context":"https:\/\/schema.org","@graph":[{"@type":"WebPage","@id":"https:\/\/stomatoloska-poliklinika-dr-knezevic.hr\/wordpress\/o-poliklinici-knezevic\/","url":"https:\/\/stomatoloska-poliklinika-dr-knezevic.hr\/wordpress\/o-poliklinici-knezevic\/","name":"O nama - Poliklinika Kne\u017eevi\u0107 - Dubrovnik","isPartOf":{"@id":"https:\/\/stomatoloska-poliklinika-dr-knezevic.hr\/wordpress\/#website"},"datePublished":"2017-05-23T18:51:39+00:00","dateModified":"2017-07-10T13:33:55+00:00","breadcrumb":{"@id":"https:\/\/stomatoloska-poliklinika-dr-knezevic.hr\/wordpress\/o-poliklinici-knezevic\/#breadcrumb"},"inLanguage":"hr","potentialAction":[{"@type":"ReadAction","target":["https:\/\/stomatoloska-poliklinika-dr-knezevic.hr\/wordpress\/o-poliklinici-knezevic\/"]}]},{"@type":"BreadcrumbList","@id":"https:\/\/stomatoloska-poliklinika-dr-knezevic.hr\/wordpress\/o-poliklinici-knezevic\/#breadcrumb","itemListElement":[{"@type":"ListItem","position":1,"name":"Home","item":"https:\/\/stomatoloska-poliklinika-dr-knezevic.hr\/wordpress\/"},{"@type":"ListItem","position":2,"name":"O nama"}]},{"@type":"WebSite","@id":"https:\/\/stomatoloska-poliklinika-dr-knezevic.hr\/wordpress\/#website","url":"https:\/\/stomatoloska-poliklinika-dr-knezevic.hr\/wordpress\/","name":"Poliklinika Kne\u017eevi\u0107 - Dubrovnik","description":"","potentialAction":[{"@type":"SearchAction","target":{"@type":"EntryPoint","urlTemplate":"https:\/\/stomatoloska-poliklinika-dr-knezevic.hr\/wordpress\/?s={search_term_string}"},"query-input":{"@type":"PropertyValueSpecification","valueRequired":true,"valueName":"search_term_string"}}],"inLanguage":"hr"}]}},"_links":{"self":[{"href":"https:\/\/stomatoloska-poliklinika-dr-knezevic.hr\/wordpress\/wp-json\/wp\/v2\/pages\/530","targetHints":{"allow":["GET"]}}],"collection":[{"href":"https:\/\/stomatoloska-poliklinika-dr-knezevic.hr\/wordpress\/wp-json\/wp\/v2\/pages"}],"about":[{"href":"https:\/\/stomatoloska-poliklinika-dr-knezevic.hr\/wordpress\/wp-json\/wp\/v2\/types\/page"}],"author":[{"embeddable":true,"href":"https:\/\/stomatoloska-poliklinika-dr-knezevic.hr\/wordpress\/wp-json\/wp\/v2\/users\/1"}],"replies":[{"embeddable":true,"href":"https:\/\/stomatoloska-poliklinika-dr-knezevic.hr\/wordpress\/wp-json\/wp\/v2\/comments?post=530"}],"version-history":[{"count":1,"href":"https:\/\/stomatoloska-poliklinika-dr-knezevic.hr\/wordpress\/wp-json\/wp\/v2\/pages\/530\/revisions"}],"predecessor-version":[{"id":802,"href":"https:\/\/stomatoloska-poliklinika-dr-knezevic.hr\/wordpress\/wp-json\/wp\/v2\/pages\/530\/revisions\/802"}],"wp:attachment":[{"href":"https:\/\/stomatoloska-poliklinika-dr-knezevic.hr\/wordpress\/wp-json\/wp\/v2\/media?parent=530"}],"curies":[{"name":"wp","href":"https:\/\/api.w.org\/{rel}","templated":true}]}}