{"id":653,"date":"2017-06-21T19:19:37","date_gmt":"2017-06-21T17:19:37","guid":{"rendered":"http:\/\/stomatoloska-poliklinika-dr-knezevic.hr\/wordpress\/?page_id=653"},"modified":"2017-07-10T16:00:58","modified_gmt":"2017-07-10T14:00:58","slug":"usluge-poliklinike-knezevic-dubrovnik","status":"publish","type":"page","link":"https:\/\/stomatoloska-poliklinika-dr-knezevic.hr\/wordpress\/usluge-poliklinike-knezevic-dubrovnik\/","title":{"rendered":"Stomatolo\u0161ke usluge"},"content":{"rendered":"<div class=\"wpb-content-wrapper\"><p>[vc_row css=&#8221;.vc_custom_1498067143388{margin-top: 30px !important;background-color: #ffffff !important;}&#8221;][vc_column]<div class=\"columns_wrap sc_columns columns_nofluid sc_columns_count_3\"><div class=\"column-2_3 sc_column_item sc_column_item_1 sc_columns_is_hover_no odd first span_2\"><blockquote class=\"sc_quote\"><p>[vc_column_text]Stomatolo\u0161ki zahvati u na\u0161oj poliklinici se pru\u017eaju potpuno bezbolno u ugodnoj, opu\u0161tenoj atmosferi. Upotrebljavamo vrhunske suvremene materijale i tehnike rada da bi na\u0161im pacijentima pru\u017eili kvalitetnu uslugu u najkra\u0107em mogu\u0107em vremenu.[\/vc_column_text]<\/p><\/blockquote><\/div><div class=\"column-1_3 sc_column_item sc_column_item_3 sc_columns_is_hover_no odd after_span_2\"><figure class=\"sc_image  sc_image_shape_square\"><img decoding=\"async\" src=\"https:\/\/stomatoloska-poliklinika-dr-knezevic.hr\/wordpress\/wp-content\/uploads\/2017\/06\/stomatolo_C5_A1ke-usluge-kne_C5_BEevi_C4_87-dubrov.jpg\" alt=\"Stomatolo\u0161ke usluge Dubrovnik\" \/><\/figure><\/div><\/div>[\/vc_column][\/vc_row][vc_row][vc_column]<div class=\"sc_section\"><div class=\"sc_content content_wrap\" style=\"margin-top:5.5em !important;margin-bottom:5em !important;\"><div class=\"columns_wrap sc_columns columns_nofluid sc_columns_count_4\" style=\"margin-top:-30px;margin-bottom:30px;\"><div class=\"column-1_4 sc_column_item sc_column_item_1 sc_columns_is_hover_no style_1 odd first\" style=\"text-align:center;\"><div class=\"sc_section\" style=\"margin-bottom:1.2em !important;background-color:#ffffff;\"><div class=\"sc_section_overlay\" style=\"\"><div class=\"sc_section_content\"><span class=\"sc_icon icon-tooth4 sc_icon_shape_round aligncenter\" style=\"display:block;padding:0.5em;margin-top:0.4em;font-size:50px; line-height: 1.2em;color:#00a68a;border-width: 3px;border-color:#00a68a;\"><\/span>[vc_column_text css=&#8221;.vc_custom_1494942220652{margin-top: 5px !important;margin-bottom: 1.5em !important;padding-right: 2em !important;padding-left: 2em !important;}&#8221;]<\/p>\n<h3 style=\"text-align: center;\"><strong>Dijagnostika<\/strong><\/h3>\n<p style=\"text-align: center; margin-top: 0.5em;\">Pregled obavljamo pomo\u0107u intraoralne kamere te digitalne radioviziografije<\/p>\n<p>[\/vc_column_text]<a href=\"https:\/\/stomatoloska-poliklinika-dr-knezevic.hr\/wordpress\/usluge\/dijagnostika\/\" target=\"Dijagnostika\" class=\"sc_button sc_button_square sc_button_style_filled sc_button_bg_menu sc_button_size_small\" style=\" display: block; position: absolute; left: 0; right: 0;margin-right:auto;margin-left:auto;width:40px;color:#ffffff;border-style:solid;border-color:#f9f9f9;border-width: 10px;\">VI\u0160E<\/a><\/div><\/div><\/div><\/div><div class=\"column-1_4 sc_column_item sc_column_item_2 sc_columns_is_hover_no style_1 even\" style=\"text-align:center;\"><div class=\"sc_section\" style=\"margin-bottom:1.2em !important;background-color:#ffffff;\"><div class=\"sc_section_overlay\" style=\"\"><div class=\"sc_section_content\"><span class=\"sc_icon icon-tooth8 sc_icon_shape_round aligncenter\" style=\"display:block;padding:0.5em;margin-top:0.4em;font-size:50px; line-height: 1.2em;color:#00a68a;border-width: 3px;border-color:#00a68a;\"><\/span>[vc_column_text css=&#8221;.vc_custom_1494942290190{margin-top: 5px !important;margin-bottom: 1.5em !important;padding-right: 2em !important;padding-left: 2em !important;}&#8221;]<\/p>\n<h3 style=\"text-align: center;\"><strong>Ortodoncija<\/strong><\/h3>\n<p style=\"text-align: center; margin-top: 0.5em;\">Dijagnostika, prevencija i lije\u010denje nepravilnosti malokluzija (polo\u017eaja i odnosa zubi i \u010deljusti)<\/p>\n<p>[\/vc_column_text]<a href=\"https:\/\/stomatoloska-poliklinika-dr-knezevic.hr\/wordpress\/usluge\/ortodoncija\/\" target=\"Ortodoncija\" class=\"sc_button sc_button_square sc_button_style_filled sc_button_bg_menu sc_button_size_small\" style=\" display: block; position: absolute; left: 0; right: 0;margin-right:auto;margin-left:auto;width:40px;color:#ffffff;border-style:solid;border-color:#f9f9f9;border-width: 10px;\">VI\u0160E<\/a><\/div><\/div><\/div><\/div><div class=\"column-1_4 sc_column_item sc_column_item_3 sc_columns_is_hover_no style_1 odd\" style=\"text-align:center;\"><div class=\"sc_section\" style=\"margin-bottom:1.2em !important;background-color:#ffffff;\"><div class=\"sc_section_overlay\" style=\"\"><div class=\"sc_section_content\"><span class=\"sc_icon icon-tooth19 sc_icon_shape_round aligncenter\" style=\"display:block;padding:0.5em;margin-top:0.4em;font-size:50px; line-height: 1.2em;color:#00a68a;border-width: 3px;border-color:#00a68a;\"><\/span>[vc_column_text css=&#8221;.vc_custom_1495552519776{margin-top: 5px !important;margin-bottom: 1.5em !important;padding-right: 2em !important;padding-left: 2em !important;}&#8221;]<\/p>\n<h3 id=\"ui-id-5\" class=\"sc_accordion_title ui-accordion-header ui-state-default ui-accordion-icons ui-state-focus ui-accordion-header-active ui-state-active ui-corner-top ui-state-hover\" style=\"text-align: center;\" tabindex=\"0\"><strong>Parodontologija<\/strong><\/h3>\n<p style=\"text-align: center; margin-top: 0.5em;\">Zdravlje usne \u0161upljine i zubi zapo\u010dinje redovitim odr\u017eavanjem oralne higijene<\/p>\n<h2 style=\"text-align: center;\"><\/h2>\n<p>[\/vc_column_text]<a href=\"https:\/\/stomatoloska-poliklinika-dr-knezevic.hr\/wordpress\/parodontologija\/\" target=\"Dentalni laser\" class=\"sc_button sc_button_square sc_button_style_filled sc_button_bg_menu sc_button_size_small\" style=\" display: block; position: absolute; left: 0; right: 0;margin-right:auto;margin-left:auto;width:40px;color:#ffffff;border-style:solid;border-color:#f9f9f9;border-width: 10px;\">VI\u0160E<\/a><\/div><\/div><\/div><\/div><div class=\"column-1_4 sc_column_item sc_column_item_4 sc_columns_is_hover_no style_1 even\" style=\"text-align:center;\"><div class=\"sc_section\" style=\"margin-bottom:1.2em !important;background-color:#ffffff;\"><div class=\"sc_section_overlay\" style=\"\"><div class=\"sc_section_content\"><span class=\"sc_icon icon-tooth9 sc_icon_shape_round aligncenter\" style=\"display:block;padding:0.5em;margin-top:0.4em;font-size:50px; line-height: 1.2em;color:#00a68a;border-width: 3px;border-color:#00a68a;\"><\/span>[vc_column_text css=&#8221;.vc_custom_1494943071771{margin-top: 5px !important;margin-bottom: 1.5em !important;padding-right: 2em !important;padding-left: 2em !important;}&#8221;]<\/p>\n<h3 style=\"text-align: center;\"><strong>Endodoncija<\/strong><\/h3>\n<p style=\"text-align: center; margin-top: 0.5em;\">Podrazumijeva mehani\u010dko uklanjanje bolesnog tkiva zubnog \u017eivca iz korijena zuba<\/p>\n<p>[\/vc_column_text]<a href=\"https:\/\/stomatoloska-poliklinika-dr-knezevic.hr\/wordpress\/sanacija-i-lijecenje-zubi-endodoncija\/\" target=\"Oralna kirurgija\" class=\"sc_button sc_button_square sc_button_style_filled sc_button_bg_menu sc_button_size_small\" style=\" display: block; position: absolute; left: 0; right: 0;margin-right:auto;margin-left:auto;width:40px;color:#ffffff;border-style:solid;border-color:#f9f9f9;border-width: 10px;\">VI\u0160E<\/a><\/div><\/div><\/div><\/div><\/div><div class=\"columns_wrap sc_columns columns_nofluid sc_columns_count_4\" style=\"margin-top:-13px;margin-bottom:30px;\"><div class=\"column-1_4 sc_column_item sc_column_item_1 sc_columns_is_hover_no style_1 odd first\" style=\"text-align:center;\"><div class=\"sc_section\" style=\"margin-bottom:1.2em !important;background-color:#ffffff;\"><div class=\"sc_section_overlay\" style=\"\"><div class=\"sc_section_content\"><span class=\"sc_icon icon-tooth20 sc_icon_shape_round aligncenter\" style=\"display:block;padding:0.5em;margin-top:0.4em;font-size:50px; line-height: 1.2em;color:#00a68a;border-width: 3px;border-color:#00a68a;\"><\/span>[vc_column_text css=&#8221;.vc_custom_1494942772985{margin-top: 5px !important;margin-bottom: 1.5em !important;padding-right: 2em !important;padding-left: 2em !important;}&#8221;]<\/p>\n<h3 style=\"text-align: center;\"><strong>Dentalna protetika<\/strong><\/h3>\n<p style=\"text-align: center; margin-top: 0.5em;\">Nadoknada zubi mogu\u0107a je fiksnim, mobilnim i kombiniranim protetskim nadomjescima<\/p>\n<p>[\/vc_column_text]<a href=\"https:\/\/stomatoloska-poliklinika-dr-knezevic.hr\/wordpress\/dentalna-protetika\/\" target=\"Dentalna implantologija\" class=\"sc_button sc_button_square sc_button_style_filled sc_button_bg_menu sc_button_size_small\" style=\" display: block; position: absolute; left: 0; right: 0;margin-right:auto;margin-left:auto;width:40px;color:#ffffff;border-style:solid;border-color:#f9f9f9;border-width: 10px;\">VI\u0160E<\/a><\/div><\/div><\/div><\/div><div class=\"column-1_4 sc_column_item sc_column_item_2 sc_columns_is_hover_no style_1 even\" style=\"text-align:center;\"><div class=\"sc_section\" style=\"margin-bottom:1.2em !important;background-color:#ffffff;\"><div class=\"sc_section_overlay\" style=\"\"><div class=\"sc_section_content\"><span class=\"sc_icon icon-tooth10 sc_icon_shape_round aligncenter\" style=\"display:block;padding:0.5em;margin-top:0.4em;font-size:50px; line-height: 1.2em;color:#00a68a;border-width: 3px;border-color:#00a68a;\"><\/span>[vc_column_text css=&#8221;.vc_custom_1494942810349{margin-top: 5px !important;margin-bottom: 1.5em !important;padding-right: 2em !important;padding-left: 2em !important;}&#8221;]<\/p>\n<h3 style=\"text-align: center;\"><strong>Izbjeljivanje<br \/>\nzubi<\/strong><\/h3>\n<p style=\"text-align: center; margin-top: 0.5em;\">Izbjeljivanje zubi je postupak koji se u dana\u0161nje vrijeme izvodi u jednoj posjeti stomatologu<\/p>\n<p>[\/vc_column_text]<a href=\"https:\/\/stomatoloska-poliklinika-dr-knezevic.hr\/wordpress\/izbjeljivanje-zubi\/\" target=\"Dentalna implantologija\" class=\"sc_button sc_button_square sc_button_style_filled sc_button_bg_menu sc_button_size_small\" style=\" display: block; position: absolute; left: 0; right: 0;margin-right:auto;margin-left:auto;width:40px;color:#ffffff;border-style:solid;border-color:#f9f9f9;border-width: 10px;\">VI\u0160E<\/a><\/div><\/div><\/div><\/div><div class=\"column-1_4 sc_column_item sc_column_item_3 sc_columns_is_hover_no style_1 odd\" style=\"text-align:center;\"><div class=\"sc_section\" style=\"margin-bottom:1.2em !important;background-color:#ffffff;\"><div class=\"sc_section_overlay\" style=\"\"><div class=\"sc_section_content\"><span class=\"sc_icon icon-tooth11 sc_icon_shape_round aligncenter\" style=\"display:block;padding:0.5em;margin-top:0.4em;font-size:50px; line-height: 1.2em;color:#00a68a;border-width: 3px;border-color:#00a68a;\"><\/span>[vc_column_text css=&#8221;.vc_custom_1495550689628{margin-top: 5px !important;margin-bottom: 1.5em !important;padding-right: 2em !important;padding-left: 2em !important;}&#8221;]<\/p>\n<h3 style=\"text-align: center;\"><strong>Dentalna<br \/>\nimplantologija<\/strong><\/h3>\n<p style=\"text-align: center; margin-top: 0.5em;\">Neizostavni dio moderne stomatologije. Nudimo \u0161irok spektar usluga dentalne implantologije<\/p>\n<p>[\/vc_column_text]<a href=\"https:\/\/stomatoloska-poliklinika-dr-knezevic.hr\/wordpress\/dentalna-implantologija\/\" target=\"Dentalna implantologija\" class=\"sc_button sc_button_square sc_button_style_filled sc_button_bg_menu sc_button_size_small\" style=\" display: block; position: absolute; left: 0; right: 0;margin-right:auto;margin-left:auto;width:40px;color:#ffffff;border-style:solid;border-color:#f9f9f9;border-width: 10px;\">VI\u0160E<\/a><\/div><\/div><\/div><\/div><div class=\"column-1_4 sc_column_item sc_column_item_4 sc_columns_is_hover_no style_1 even\" style=\"text-align:center;\"><div class=\"sc_section\" style=\"margin-bottom:1.2em !important;background-color:#ffffff;\"><div class=\"sc_section_overlay\" style=\"\"><div class=\"sc_section_content\"><span class=\"sc_icon icon-dentist3 sc_icon_shape_round aligncenter\" style=\"display:block;padding:0.5em;margin-top:0.4em;font-size:50px; line-height: 1.2em;color:#00a68a;border-width: 3px;border-color:#00a68a;\"><\/span>[vc_column_text css=&#8221;.vc_custom_1494943176444{margin-top: 5px !important;margin-bottom: 1.5em !important;padding-right: 2em !important;padding-left: 2em !important;}&#8221;]<\/p>\n<h3 style=\"text-align: center;\"><strong>Dentalni\u00a0<\/strong><\/h3>\n<h3 style=\"text-align: center;\"><strong>laser<\/strong><\/h3>\n<p style=\"text-align: center; margin-top: 0.5em;\">Opremljeni smo\u00a0prijenosnim diodnim laserom FOX namjenjenim za\u00a0zahvate na mekim tkivima<\/p>\n<p>[\/vc_column_text]<a href=\"https:\/\/stomatoloska-poliklinika-dr-knezevic.hr\/wordpress\/usluge\/dentalni-laser\/\" target=\"Dentalna implantologija\" class=\"sc_button sc_button_square sc_button_style_filled sc_button_bg_menu sc_button_size_small\" style=\" display: block; position: absolute; left: 0; right: 0;margin-right:auto;margin-left:auto;width:40px;color:#ffffff;border-style:solid;border-color:#f9f9f9;border-width: 10px;\">VI\u0160E<\/a><\/div><\/div><\/div><\/div><\/div><\/div><\/div>[\/vc_column][\/vc_row]<\/p>\n<\/div>","protected":false},"excerpt":{"rendered":"<p>[vc_row css=&#8221;.vc_custom_1498067143388{margin-top: 30px !important;background-color: #ffffff !important;}&#8221;][vc_column][\/vc_column][\/vc_row][vc_row][vc_column][\/vc_column][\/vc_row]<\/p>\n","protected":false},"author":1,"featured_media":0,"parent":0,"menu_order":0,"comment_status":"closed","ping_status":"closed","template":"","meta":{"footnotes":""},"class_list":["post-653","page","type-page","status-publish","hentry"],"yoast_head":"<!-- This site is optimized with the Yoast SEO plugin v27.5 - https:\/\/yoast.com\/product\/yoast-seo-wordpress\/ -->\n<title>Stomatolo\u0161ke usluge - Poliklinika Kne\u017eevi\u0107 - Dubrovnik<\/title>\n<meta name=\"description\" content=\"Stomatolo\u0161ke usluge poliklinike Dr. Kne\u017eevi\u0107 Dubrovnik obuhva\u0107aju dijagnostiku, ortodonciju, paradontologiju, endodonciju, protetiku, implantologiju i vi\u0161e\" \/>\n<meta name=\"robots\" content=\"index, follow, max-snippet:-1, max-image-preview:large, max-video-preview:-1\" \/>\n<link rel=\"canonical\" href=\"https:\/\/stomatoloska-poliklinika-dr-knezevic.hr\/wordpress\/usluge-poliklinike-knezevic-dubrovnik\/\" \/>\n<meta property=\"og:locale\" content=\"hr_HR\" \/>\n<meta property=\"og:type\" content=\"article\" \/>\n<meta property=\"og:title\" content=\"Stomatolo\u0161ke usluge - Poliklinika Kne\u017eevi\u0107 - Dubrovnik\" \/>\n<meta property=\"og:description\" content=\"Stomatolo\u0161ke usluge poliklinike Dr. Kne\u017eevi\u0107 Dubrovnik obuhva\u0107aju dijagnostiku, ortodonciju, paradontologiju, endodonciju, protetiku, implantologiju i vi\u0161e\" \/>\n<meta property=\"og:url\" content=\"https:\/\/stomatoloska-poliklinika-dr-knezevic.hr\/wordpress\/usluge-poliklinike-knezevic-dubrovnik\/\" \/>\n<meta property=\"og:site_name\" content=\"Poliklinika Kne\u017eevi\u0107 - Dubrovnik\" \/>\n<meta property=\"article:modified_time\" content=\"2017-07-10T14:00:58+00:00\" \/>\n<meta name=\"twitter:card\" content=\"summary_large_image\" \/>\n<meta name=\"twitter:label1\" content=\"Procijenjeno vrijeme \u010ditanja\" \/>\n\t<meta name=\"twitter:data1\" content=\"5 minuta\" \/>\n<script type=\"application\/ld+json\" class=\"yoast-schema-graph\">{\"@context\":\"https:\\\/\\\/schema.org\",\"@graph\":[{\"@type\":\"WebPage\",\"@id\":\"https:\\\/\\\/stomatoloska-poliklinika-dr-knezevic.hr\\\/wordpress\\\/usluge-poliklinike-knezevic-dubrovnik\\\/\",\"url\":\"https:\\\/\\\/stomatoloska-poliklinika-dr-knezevic.hr\\\/wordpress\\\/usluge-poliklinike-knezevic-dubrovnik\\\/\",\"name\":\"Stomatolo\u0161ke usluge - Poliklinika Kne\u017eevi\u0107 - Dubrovnik\",\"isPartOf\":{\"@id\":\"https:\\\/\\\/stomatoloska-poliklinika-dr-knezevic.hr\\\/wordpress\\\/#website\"},\"datePublished\":\"2017-06-21T17:19:37+00:00\",\"dateModified\":\"2017-07-10T14:00:58+00:00\",\"description\":\"Stomatolo\u0161ke usluge poliklinike Dr. Kne\u017eevi\u0107 Dubrovnik obuhva\u0107aju dijagnostiku, ortodonciju, paradontologiju, endodonciju, protetiku, implantologiju i vi\u0161e\",\"breadcrumb\":{\"@id\":\"https:\\\/\\\/stomatoloska-poliklinika-dr-knezevic.hr\\\/wordpress\\\/usluge-poliklinike-knezevic-dubrovnik\\\/#breadcrumb\"},\"inLanguage\":\"hr\",\"potentialAction\":[{\"@type\":\"ReadAction\",\"target\":[\"https:\\\/\\\/stomatoloska-poliklinika-dr-knezevic.hr\\\/wordpress\\\/usluge-poliklinike-knezevic-dubrovnik\\\/\"]}]},{\"@type\":\"BreadcrumbList\",\"@id\":\"https:\\\/\\\/stomatoloska-poliklinika-dr-knezevic.hr\\\/wordpress\\\/usluge-poliklinike-knezevic-dubrovnik\\\/#breadcrumb\",\"itemListElement\":[{\"@type\":\"ListItem\",\"position\":1,\"name\":\"Home\",\"item\":\"https:\\\/\\\/stomatoloska-poliklinika-dr-knezevic.hr\\\/wordpress\\\/\"},{\"@type\":\"ListItem\",\"position\":2,\"name\":\"Stomatolo\u0161ke usluge\"}]},{\"@type\":\"WebSite\",\"@id\":\"https:\\\/\\\/stomatoloska-poliklinika-dr-knezevic.hr\\\/wordpress\\\/#website\",\"url\":\"https:\\\/\\\/stomatoloska-poliklinika-dr-knezevic.hr\\\/wordpress\\\/\",\"name\":\"Poliklinika Kne\u017eevi\u0107 - Dubrovnik\",\"description\":\"\",\"potentialAction\":[{\"@type\":\"SearchAction\",\"target\":{\"@type\":\"EntryPoint\",\"urlTemplate\":\"https:\\\/\\\/stomatoloska-poliklinika-dr-knezevic.hr\\\/wordpress\\\/?s={search_term_string}\"},\"query-input\":{\"@type\":\"PropertyValueSpecification\",\"valueRequired\":true,\"valueName\":\"search_term_string\"}}],\"inLanguage\":\"hr\"}]}<\/script>\n<!-- \/ Yoast SEO plugin. -->","yoast_head_json":{"title":"Stomatolo\u0161ke usluge - Poliklinika Kne\u017eevi\u0107 - Dubrovnik","description":"Stomatolo\u0161ke usluge poliklinike Dr. Kne\u017eevi\u0107 Dubrovnik obuhva\u0107aju dijagnostiku, ortodonciju, paradontologiju, endodonciju, protetiku, implantologiju i vi\u0161e","robots":{"index":"index","follow":"follow","max-snippet":"max-snippet:-1","max-image-preview":"max-image-preview:large","max-video-preview":"max-video-preview:-1"},"canonical":"https:\/\/stomatoloska-poliklinika-dr-knezevic.hr\/wordpress\/usluge-poliklinike-knezevic-dubrovnik\/","og_locale":"hr_HR","og_type":"article","og_title":"Stomatolo\u0161ke usluge - Poliklinika Kne\u017eevi\u0107 - Dubrovnik","og_description":"Stomatolo\u0161ke usluge poliklinike Dr. Kne\u017eevi\u0107 Dubrovnik obuhva\u0107aju dijagnostiku, ortodonciju, paradontologiju, endodonciju, protetiku, implantologiju i vi\u0161e","og_url":"https:\/\/stomatoloska-poliklinika-dr-knezevic.hr\/wordpress\/usluge-poliklinike-knezevic-dubrovnik\/","og_site_name":"Poliklinika Kne\u017eevi\u0107 - Dubrovnik","article_modified_time":"2017-07-10T14:00:58+00:00","twitter_card":"summary_large_image","twitter_misc":{"Procijenjeno vrijeme \u010ditanja":"5 minuta"},"schema":{"@context":"https:\/\/schema.org","@graph":[{"@type":"WebPage","@id":"https:\/\/stomatoloska-poliklinika-dr-knezevic.hr\/wordpress\/usluge-poliklinike-knezevic-dubrovnik\/","url":"https:\/\/stomatoloska-poliklinika-dr-knezevic.hr\/wordpress\/usluge-poliklinike-knezevic-dubrovnik\/","name":"Stomatolo\u0161ke usluge - Poliklinika Kne\u017eevi\u0107 - Dubrovnik","isPartOf":{"@id":"https:\/\/stomatoloska-poliklinika-dr-knezevic.hr\/wordpress\/#website"},"datePublished":"2017-06-21T17:19:37+00:00","dateModified":"2017-07-10T14:00:58+00:00","description":"Stomatolo\u0161ke usluge poliklinike Dr. Kne\u017eevi\u0107 Dubrovnik obuhva\u0107aju dijagnostiku, ortodonciju, paradontologiju, endodonciju, protetiku, implantologiju i vi\u0161e","breadcrumb":{"@id":"https:\/\/stomatoloska-poliklinika-dr-knezevic.hr\/wordpress\/usluge-poliklinike-knezevic-dubrovnik\/#breadcrumb"},"inLanguage":"hr","potentialAction":[{"@type":"ReadAction","target":["https:\/\/stomatoloska-poliklinika-dr-knezevic.hr\/wordpress\/usluge-poliklinike-knezevic-dubrovnik\/"]}]},{"@type":"BreadcrumbList","@id":"https:\/\/stomatoloska-poliklinika-dr-knezevic.hr\/wordpress\/usluge-poliklinike-knezevic-dubrovnik\/#breadcrumb","itemListElement":[{"@type":"ListItem","position":1,"name":"Home","item":"https:\/\/stomatoloska-poliklinika-dr-knezevic.hr\/wordpress\/"},{"@type":"ListItem","position":2,"name":"Stomatolo\u0161ke usluge"}]},{"@type":"WebSite","@id":"https:\/\/stomatoloska-poliklinika-dr-knezevic.hr\/wordpress\/#website","url":"https:\/\/stomatoloska-poliklinika-dr-knezevic.hr\/wordpress\/","name":"Poliklinika Kne\u017eevi\u0107 - Dubrovnik","description":"","potentialAction":[{"@type":"SearchAction","target":{"@type":"EntryPoint","urlTemplate":"https:\/\/stomatoloska-poliklinika-dr-knezevic.hr\/wordpress\/?s={search_term_string}"},"query-input":{"@type":"PropertyValueSpecification","valueRequired":true,"valueName":"search_term_string"}}],"inLanguage":"hr"}]}},"_links":{"self":[{"href":"https:\/\/stomatoloska-poliklinika-dr-knezevic.hr\/wordpress\/wp-json\/wp\/v2\/pages\/653","targetHints":{"allow":["GET"]}}],"collection":[{"href":"https:\/\/stomatoloska-poliklinika-dr-knezevic.hr\/wordpress\/wp-json\/wp\/v2\/pages"}],"about":[{"href":"https:\/\/stomatoloska-poliklinika-dr-knezevic.hr\/wordpress\/wp-json\/wp\/v2\/types\/page"}],"author":[{"embeddable":true,"href":"https:\/\/stomatoloska-poliklinika-dr-knezevic.hr\/wordpress\/wp-json\/wp\/v2\/users\/1"}],"replies":[{"embeddable":true,"href":"https:\/\/stomatoloska-poliklinika-dr-knezevic.hr\/wordpress\/wp-json\/wp\/v2\/comments?post=653"}],"version-history":[{"count":3,"href":"https:\/\/stomatoloska-poliklinika-dr-knezevic.hr\/wordpress\/wp-json\/wp\/v2\/pages\/653\/revisions"}],"predecessor-version":[{"id":813,"href":"https:\/\/stomatoloska-poliklinika-dr-knezevic.hr\/wordpress\/wp-json\/wp\/v2\/pages\/653\/revisions\/813"}],"wp:attachment":[{"href":"https:\/\/stomatoloska-poliklinika-dr-knezevic.hr\/wordpress\/wp-json\/wp\/v2\/media?parent=653"}],"curies":[{"name":"wp","href":"https:\/\/api.w.org\/{rel}","templated":true}]}}