{"id":702,"date":"2017-06-21T21:06:31","date_gmt":"2017-06-21T19:06:31","guid":{"rendered":"http:\/\/stomatoloska-poliklinika-dr-knezevic.hr\/wordpress\/?page_id=702"},"modified":"2018-05-25T15:10:17","modified_gmt":"2018-05-25T13:10:17","slug":"sanacija-i-lijecenje-zubi-endodoncija","status":"publish","type":"page","link":"https:\/\/stomatoloska-poliklinika-dr-knezevic.hr\/wordpress\/usluge-poliklinike-knezevic-dubrovnik\/sanacija-i-lijecenje-zubi-endodoncija\/","title":{"rendered":"Sanacija i lije\u010denje zubi (endodoncija)"},"content":{"rendered":"<div class=\"wpb-content-wrapper\"><p>[vc_row css=&#8221;.vc_custom_1498071757055{margin-top: 20px !important;margin-bottom: 20px !important;padding-top: 20px !important;padding-bottom: 20px !important;background-color: #ffffff !important;}&#8221;][vc_column]<div class=\"columns_wrap sc_columns columns_nofluid sc_columns_count_2\"><div class=\"column-1_2 sc_column_item sc_column_item_1 sc_columns_is_hover_no odd first\">[vc_column_text css=&#8221;.vc_custom_1527253796622{margin-top: 0px !important;border-top-width: 0px !important;padding-top: 0px !important;padding-bottom: 10px !important;}&#8221;]<\/p>\n<h2><strong>Sanacija i lije\u010denje zubi (endodoncija)<\/strong><\/h2>\n<p>[\/vc_column_text][vc_column_text]<\/p>\n<h3><span style=\"font-size: 16px;\"><strong>Ispunima (plombama)<\/strong> nadokna\u0111ujemo izgubljenu strukturu zuba do \u010dijeg je gubitka do\u0161lo nastankom karijesa ili lomom. Koristimo materijale visoke kvalitete i estetike.\u00a0<strong>Lije\u010denje zuba ili endodontski postupak<\/strong> je indiciran u slu\u010dajevima kada uzro\u010dnici karijesa prodru do zubnoga \u017eivca ili pulpe, gdje mogu uzrokovati upalnu reakciju pra\u0107enu jakom boli ili stvaraju upalni proces u kosti u podru\u010dju vr\u0161ka korijena zuba (apces, granulom i cista).<\/span><\/h3>\n<p>[\/vc_column_text]<\/div><div class=\"column-1_2 sc_column_item sc_column_item_2 sc_columns_is_hover_no even\"><figure class=\"sc_image  sc_image_shape_square\"><img decoding=\"async\" src=\"https:\/\/stomatoloska-poliklinika-dr-knezevic.hr\/wordpress\/wp-content\/uploads\/2017\/06\/endodoncija-zubar-dubrovnik-e1498072394394.jpg\" alt=\"\" \/><\/figure><\/div><\/div>[\/vc_column][\/vc_row][vc_row css=&#8221;.vc_custom_1498071548402{padding-top: 30px !important;padding-bottom: 30px !important;background-color: #ffffff !important;}&#8221;][vc_column][vc_column_text]Endodontsko lije\u010denje podrazumijeva mehani\u010dko uklanjanje bolesnog tkiva zubnog \u017eivca iz korijena zuba. Nastali prostor se pro\u0161iri, dezinficira i trajno ispuni specijalnim materijalima.<\/p>\n<p>&nbsp;<\/p>\n<p>Svaki daljnji postupak (ispuni, krunice) je neopravdan ako lije\u010denje korijenskih kanala nije provedeno pravilno.[\/vc_column_text][\/vc_column][\/vc_row]<\/p>\n<\/div>","protected":false},"excerpt":{"rendered":"<p>[vc_row css=&#8221;.vc_custom_1498071757055{margin-top: 20px !important;margin-bottom: 20px !important;padding-top: 20px !important;padding-bottom: 20px !important;background-color: #ffffff !important;}&#8221;][vc_column][\/vc_column][\/vc_row][vc_row css=&#8221;.vc_custom_1498071548402{padding-top: 30px !important;padding-bottom: 30px !important;background-color: #ffffff !important;}&#8221;][vc_column][vc_column_text]Endodontsko lije\u010denje podrazumijeva mehani\u010dko uklanjanje bolesnog tkiva zubnog \u017eivca iz korijena zuba. Nastali prostor se pro\u0161iri, dezinficira i trajno ispuni specijalnim materijalima. &nbsp; Svaki daljnji postupak (ispuni, krunice) je neopravdan ako lije\u010denje korijenskih kanala nije provedeno pravilno.[\/vc_column_text][\/vc_column][\/vc_row]<\/p>\n","protected":false},"author":1,"featured_media":0,"parent":653,"menu_order":0,"comment_status":"closed","ping_status":"closed","template":"","meta":{"footnotes":""},"class_list":["post-702","page","type-page","status-publish","hentry"],"yoast_head":"<!-- This site is optimized with the Yoast SEO plugin v27.5 - https:\/\/yoast.com\/product\/yoast-seo-wordpress\/ -->\n<title>Sanacija i lije\u010denje zubi (endodoncija) - Poliklinika Kne\u017eevi\u0107 - Dubrovnik<\/title>\n<meta name=\"description\" content=\"Endodoncija podrazumijeva mehani\u010dko uklanjanje bolesnog tkiva zubnog \u017eivca iz korijena zuba.\" \/>\n<meta name=\"robots\" content=\"index, follow, max-snippet:-1, max-image-preview:large, max-video-preview:-1\" \/>\n<link rel=\"canonical\" href=\"https:\/\/stomatoloska-poliklinika-dr-knezevic.hr\/wordpress\/usluge-poliklinike-knezevic-dubrovnik\/sanacija-i-lijecenje-zubi-endodoncija\/\" \/>\n<meta property=\"og:locale\" content=\"hr_HR\" \/>\n<meta property=\"og:type\" content=\"article\" \/>\n<meta property=\"og:title\" content=\"Sanacija i lije\u010denje zubi (endodoncija) - Poliklinika Kne\u017eevi\u0107 - Dubrovnik\" \/>\n<meta property=\"og:description\" content=\"Endodoncija podrazumijeva mehani\u010dko uklanjanje bolesnog tkiva zubnog \u017eivca iz korijena zuba.\" \/>\n<meta property=\"og:url\" content=\"https:\/\/stomatoloska-poliklinika-dr-knezevic.hr\/wordpress\/usluge-poliklinike-knezevic-dubrovnik\/sanacija-i-lijecenje-zubi-endodoncija\/\" \/>\n<meta property=\"og:site_name\" content=\"Poliklinika Kne\u017eevi\u0107 - Dubrovnik\" \/>\n<meta property=\"article:modified_time\" content=\"2018-05-25T13:10:17+00:00\" \/>\n<meta name=\"twitter:card\" content=\"summary_large_image\" \/>\n<meta name=\"twitter:label1\" content=\"Procijenjeno vrijeme \u010ditanja\" \/>\n\t<meta name=\"twitter:data1\" content=\"1 minuta\" \/>\n<script type=\"application\/ld+json\" class=\"yoast-schema-graph\">{\"@context\":\"https:\\\/\\\/schema.org\",\"@graph\":[{\"@type\":\"WebPage\",\"@id\":\"https:\\\/\\\/stomatoloska-poliklinika-dr-knezevic.hr\\\/wordpress\\\/usluge-poliklinike-knezevic-dubrovnik\\\/sanacija-i-lijecenje-zubi-endodoncija\\\/\",\"url\":\"https:\\\/\\\/stomatoloska-poliklinika-dr-knezevic.hr\\\/wordpress\\\/usluge-poliklinike-knezevic-dubrovnik\\\/sanacija-i-lijecenje-zubi-endodoncija\\\/\",\"name\":\"Sanacija i lije\u010denje zubi (endodoncija) - Poliklinika Kne\u017eevi\u0107 - Dubrovnik\",\"isPartOf\":{\"@id\":\"https:\\\/\\\/stomatoloska-poliklinika-dr-knezevic.hr\\\/wordpress\\\/#website\"},\"datePublished\":\"2017-06-21T19:06:31+00:00\",\"dateModified\":\"2018-05-25T13:10:17+00:00\",\"description\":\"Endodoncija podrazumijeva mehani\u010dko uklanjanje bolesnog tkiva zubnog \u017eivca iz korijena zuba.\",\"breadcrumb\":{\"@id\":\"https:\\\/\\\/stomatoloska-poliklinika-dr-knezevic.hr\\\/wordpress\\\/usluge-poliklinike-knezevic-dubrovnik\\\/sanacija-i-lijecenje-zubi-endodoncija\\\/#breadcrumb\"},\"inLanguage\":\"hr\",\"potentialAction\":[{\"@type\":\"ReadAction\",\"target\":[\"https:\\\/\\\/stomatoloska-poliklinika-dr-knezevic.hr\\\/wordpress\\\/usluge-poliklinike-knezevic-dubrovnik\\\/sanacija-i-lijecenje-zubi-endodoncija\\\/\"]}]},{\"@type\":\"BreadcrumbList\",\"@id\":\"https:\\\/\\\/stomatoloska-poliklinika-dr-knezevic.hr\\\/wordpress\\\/usluge-poliklinike-knezevic-dubrovnik\\\/sanacija-i-lijecenje-zubi-endodoncija\\\/#breadcrumb\",\"itemListElement\":[{\"@type\":\"ListItem\",\"position\":1,\"name\":\"Home\",\"item\":\"https:\\\/\\\/stomatoloska-poliklinika-dr-knezevic.hr\\\/wordpress\\\/\"},{\"@type\":\"ListItem\",\"position\":2,\"name\":\"Stomatolo\u0161ke usluge\",\"item\":\"https:\\\/\\\/stomatoloska-poliklinika-dr-knezevic.hr\\\/wordpress\\\/usluge-poliklinike-knezevic-dubrovnik\\\/\"},{\"@type\":\"ListItem\",\"position\":3,\"name\":\"Sanacija i lije\u010denje zubi (endodoncija)\"}]},{\"@type\":\"WebSite\",\"@id\":\"https:\\\/\\\/stomatoloska-poliklinika-dr-knezevic.hr\\\/wordpress\\\/#website\",\"url\":\"https:\\\/\\\/stomatoloska-poliklinika-dr-knezevic.hr\\\/wordpress\\\/\",\"name\":\"Poliklinika Kne\u017eevi\u0107 - Dubrovnik\",\"description\":\"\",\"potentialAction\":[{\"@type\":\"SearchAction\",\"target\":{\"@type\":\"EntryPoint\",\"urlTemplate\":\"https:\\\/\\\/stomatoloska-poliklinika-dr-knezevic.hr\\\/wordpress\\\/?s={search_term_string}\"},\"query-input\":{\"@type\":\"PropertyValueSpecification\",\"valueRequired\":true,\"valueName\":\"search_term_string\"}}],\"inLanguage\":\"hr\"}]}<\/script>\n<!-- \/ Yoast SEO plugin. -->","yoast_head_json":{"title":"Sanacija i lije\u010denje zubi (endodoncija) - Poliklinika Kne\u017eevi\u0107 - Dubrovnik","description":"Endodoncija podrazumijeva mehani\u010dko uklanjanje bolesnog tkiva zubnog \u017eivca iz korijena zuba.","robots":{"index":"index","follow":"follow","max-snippet":"max-snippet:-1","max-image-preview":"max-image-preview:large","max-video-preview":"max-video-preview:-1"},"canonical":"https:\/\/stomatoloska-poliklinika-dr-knezevic.hr\/wordpress\/usluge-poliklinike-knezevic-dubrovnik\/sanacija-i-lijecenje-zubi-endodoncija\/","og_locale":"hr_HR","og_type":"article","og_title":"Sanacija i lije\u010denje zubi (endodoncija) - Poliklinika Kne\u017eevi\u0107 - Dubrovnik","og_description":"Endodoncija podrazumijeva mehani\u010dko uklanjanje bolesnog tkiva zubnog \u017eivca iz korijena zuba.","og_url":"https:\/\/stomatoloska-poliklinika-dr-knezevic.hr\/wordpress\/usluge-poliklinike-knezevic-dubrovnik\/sanacija-i-lijecenje-zubi-endodoncija\/","og_site_name":"Poliklinika Kne\u017eevi\u0107 - Dubrovnik","article_modified_time":"2018-05-25T13:10:17+00:00","twitter_card":"summary_large_image","twitter_misc":{"Procijenjeno vrijeme \u010ditanja":"1 minuta"},"schema":{"@context":"https:\/\/schema.org","@graph":[{"@type":"WebPage","@id":"https:\/\/stomatoloska-poliklinika-dr-knezevic.hr\/wordpress\/usluge-poliklinike-knezevic-dubrovnik\/sanacija-i-lijecenje-zubi-endodoncija\/","url":"https:\/\/stomatoloska-poliklinika-dr-knezevic.hr\/wordpress\/usluge-poliklinike-knezevic-dubrovnik\/sanacija-i-lijecenje-zubi-endodoncija\/","name":"Sanacija i lije\u010denje zubi (endodoncija) - Poliklinika Kne\u017eevi\u0107 - Dubrovnik","isPartOf":{"@id":"https:\/\/stomatoloska-poliklinika-dr-knezevic.hr\/wordpress\/#website"},"datePublished":"2017-06-21T19:06:31+00:00","dateModified":"2018-05-25T13:10:17+00:00","description":"Endodoncija podrazumijeva mehani\u010dko uklanjanje bolesnog tkiva zubnog \u017eivca iz korijena zuba.","breadcrumb":{"@id":"https:\/\/stomatoloska-poliklinika-dr-knezevic.hr\/wordpress\/usluge-poliklinike-knezevic-dubrovnik\/sanacija-i-lijecenje-zubi-endodoncija\/#breadcrumb"},"inLanguage":"hr","potentialAction":[{"@type":"ReadAction","target":["https:\/\/stomatoloska-poliklinika-dr-knezevic.hr\/wordpress\/usluge-poliklinike-knezevic-dubrovnik\/sanacija-i-lijecenje-zubi-endodoncija\/"]}]},{"@type":"BreadcrumbList","@id":"https:\/\/stomatoloska-poliklinika-dr-knezevic.hr\/wordpress\/usluge-poliklinike-knezevic-dubrovnik\/sanacija-i-lijecenje-zubi-endodoncija\/#breadcrumb","itemListElement":[{"@type":"ListItem","position":1,"name":"Home","item":"https:\/\/stomatoloska-poliklinika-dr-knezevic.hr\/wordpress\/"},{"@type":"ListItem","position":2,"name":"Stomatolo\u0161ke usluge","item":"https:\/\/stomatoloska-poliklinika-dr-knezevic.hr\/wordpress\/usluge-poliklinike-knezevic-dubrovnik\/"},{"@type":"ListItem","position":3,"name":"Sanacija i lije\u010denje zubi (endodoncija)"}]},{"@type":"WebSite","@id":"https:\/\/stomatoloska-poliklinika-dr-knezevic.hr\/wordpress\/#website","url":"https:\/\/stomatoloska-poliklinika-dr-knezevic.hr\/wordpress\/","name":"Poliklinika Kne\u017eevi\u0107 - Dubrovnik","description":"","potentialAction":[{"@type":"SearchAction","target":{"@type":"EntryPoint","urlTemplate":"https:\/\/stomatoloska-poliklinika-dr-knezevic.hr\/wordpress\/?s={search_term_string}"},"query-input":{"@type":"PropertyValueSpecification","valueRequired":true,"valueName":"search_term_string"}}],"inLanguage":"hr"}]}},"_links":{"self":[{"href":"https:\/\/stomatoloska-poliklinika-dr-knezevic.hr\/wordpress\/wp-json\/wp\/v2\/pages\/702","targetHints":{"allow":["GET"]}}],"collection":[{"href":"https:\/\/stomatoloska-poliklinika-dr-knezevic.hr\/wordpress\/wp-json\/wp\/v2\/pages"}],"about":[{"href":"https:\/\/stomatoloska-poliklinika-dr-knezevic.hr\/wordpress\/wp-json\/wp\/v2\/types\/page"}],"author":[{"embeddable":true,"href":"https:\/\/stomatoloska-poliklinika-dr-knezevic.hr\/wordpress\/wp-json\/wp\/v2\/users\/1"}],"replies":[{"embeddable":true,"href":"https:\/\/stomatoloska-poliklinika-dr-knezevic.hr\/wordpress\/wp-json\/wp\/v2\/comments?post=702"}],"version-history":[{"count":4,"href":"https:\/\/stomatoloska-poliklinika-dr-knezevic.hr\/wordpress\/wp-json\/wp\/v2\/pages\/702\/revisions"}],"predecessor-version":[{"id":848,"href":"https:\/\/stomatoloska-poliklinika-dr-knezevic.hr\/wordpress\/wp-json\/wp\/v2\/pages\/702\/revisions\/848"}],"up":[{"embeddable":true,"href":"https:\/\/stomatoloska-poliklinika-dr-knezevic.hr\/wordpress\/wp-json\/wp\/v2\/pages\/653"}],"wp:attachment":[{"href":"https:\/\/stomatoloska-poliklinika-dr-knezevic.hr\/wordpress\/wp-json\/wp\/v2\/media?parent=702"}],"curies":[{"name":"wp","href":"https:\/\/api.w.org\/{rel}","templated":true}]}}