{"id":711,"date":"2017-06-21T21:17:09","date_gmt":"2017-06-21T19:17:09","guid":{"rendered":"http:\/\/stomatoloska-poliklinika-dr-knezevic.hr\/wordpress\/?page_id=711"},"modified":"2018-05-25T15:13:48","modified_gmt":"2018-05-25T13:13:48","slug":"dentalna-protetika","status":"publish","type":"page","link":"https:\/\/stomatoloska-poliklinika-dr-knezevic.hr\/wordpress\/usluge-poliklinike-knezevic-dubrovnik\/dentalna-protetika\/","title":{"rendered":"Dentalna protetika"},"content":{"rendered":"<div class=\"wpb-content-wrapper\"><p>[vc_row css=&#8221;.vc_custom_1498071757055{margin-top: 20px !important;margin-bottom: 20px !important;padding-top: 20px !important;padding-bottom: 20px !important;background-color: #ffffff !important;}&#8221;][vc_column]<div class=\"columns_wrap sc_columns columns_nofluid sc_columns_count_2\"><div class=\"column-1_2 sc_column_item sc_column_item_1 sc_columns_is_hover_no odd first\">[vc_column_text css=&#8221;.vc_custom_1527254022472{margin-top: 0px !important;border-top-width: 0px !important;padding-top: 0px !important;padding-bottom: 10px !important;}&#8221;]<\/p>\n<h2><strong>Dentalna protetika<\/strong><\/h2>\n<p>[\/vc_column_text][vc_column_text]<\/p>\n<h3><span style=\"font-size: 16px;\">Nedostatak ve\u0107 jednog zuba mo\u017ee dovesti do patolo\u0161kih promjena u zagrizu, pomicanja i naginjanja zuba, o\u0161te\u0107enja \u010deljusnog zgloba i razvoja parodontih bolesti, te naru\u0161avanja estetike.<\/span><\/h3>\n<h3><\/h3>\n<h3><span style=\"font-size: 16px;\"><em>Nadoknada zubi mogu\u0107a je fiksnim, mobilnim i kombiniranim protetskim nadomjescima, ali izradom <strong>protetskih radova na implantatima<\/strong> kao nosa\u010dima istih.<\/em><\/span><\/h3>\n<p>[\/vc_column_text]<\/div><div class=\"column-1_2 sc_column_item sc_column_item_2 sc_columns_is_hover_no even\"><figure class=\"sc_image  sc_image_shape_square\"><img decoding=\"async\" src=\"https:\/\/stomatoloska-poliklinika-dr-knezevic.hr\/wordpress\/wp-content\/uploads\/2017\/06\/DENTALNA-PROTETIKA.jpg\" alt=\"\" \/><\/figure><\/div><\/div>[\/vc_column][\/vc_row][vc_row css=&#8221;.vc_custom_1498071548402{padding-top: 30px !important;padding-bottom: 30px !important;background-color: #ffffff !important;}&#8221;][vc_column][vc_column_text css_animation=&#8221;fadeIn&#8221;]<strong>FIKSNA PROTETIKA<\/strong><\/p>\n<p>&nbsp;<\/p>\n<p><em><strong>Fiksni protetski nadomjesci<\/strong><\/em> uklju\u010duju krunice, mostove i ljuskice izra\u0111ene od translucentnih i transparentnih kerami\u010dkih materijala (porculan) koji omogu\u0107uju prirodan izgled zuba.<\/p>\n<p>&nbsp;<\/p>\n<p><strong>Krunice<\/strong> se izra\u0111uju kod gubitka velikog dijela krune zuba uslijed karijesa ili traume zuba. Sidre se na jednom zubu (nosa\u010du). Svaka krunica nadomje\u0161ta jedan zub u njegovoj prirodnoj boji, veli\u010dini i obliku.<\/p>\n<p>&nbsp;<\/p>\n<p><strong>Mostovi <\/strong>su protetski funkcijski i estetski nadomjesci jednog ili vi\u0161e zuba. U izradi mosta potrebno je brusiti susjedne zube koji \u0107e poslu\u017eiti kao nosa\u010di mosta. Most se sastoji od minimalno dva zuba nosa\u010da- krunice, izme\u0111u kojih se nalazi tijelo mosta koje nadomje\u0161ta izgubljene zube.<\/p>\n<p>&nbsp;<\/p>\n<p><strong>Ljuskice<\/strong> su trajno rje\u0161enje kojim se mo\u017ee promijeniti boja, oblik i polo\u017eaj zuba. Pru\u017eaju iznimne estetske rezultate uz minimalnu invazivnost zahvata (bru\u0161enje uglavnom samo prednje plohe zuba).<\/p>\n<p>&nbsp;<\/p>\n<p><strong>MOBILNA PROTETIKA<\/strong><\/p>\n<p>&nbsp;<\/p>\n<p><strong><em>Mobilni protetski nadomjesci<\/em><\/strong> se odnose na zubne proteze koji nadomje\u0161taju vi\u0161e izgubljenih zuba ili sve izgubljene zube, u slu\u010dajevima kada nema mogu\u0107nosti za izradu fiksne protetske konstrukcije.\u00a0Razlikujemo potpune i djelomi\u010dne proteze, koje se izra\u0111uju od akrilata ili sa metalnom osnovom (wironit proteze).[\/vc_column_text][\/vc_column][\/vc_row]<\/p>\n<\/div>","protected":false},"excerpt":{"rendered":"<p>[vc_row css=&#8221;.vc_custom_1498071757055{margin-top: 20px !important;margin-bottom: 20px !important;padding-top: 20px !important;padding-bottom: 20px !important;background-color: #ffffff !important;}&#8221;][vc_column][\/vc_column][\/vc_row][vc_row css=&#8221;.vc_custom_1498071548402{padding-top: 30px !important;padding-bottom: 30px !important;background-color: #ffffff !important;}&#8221;][vc_column][vc_column_text css_animation=&#8221;fadeIn&#8221;]FIKSNA PROTETIKA &nbsp; Fiksni protetski nadomjesci uklju\u010duju krunice, mostove i ljuskice izra\u0111ene od translucentnih i transparentnih kerami\u010dkih materijala (porculan) koji omogu\u0107uju prirodan izgled zuba. &nbsp; Krunice se izra\u0111uju kod gubitka velikog dijela krune zuba uslijed karijesa [&hellip;]<\/p>\n","protected":false},"author":1,"featured_media":0,"parent":653,"menu_order":0,"comment_status":"closed","ping_status":"closed","template":"","meta":{"footnotes":""},"class_list":["post-711","page","type-page","status-publish","hentry"],"yoast_head":"<!-- This site is optimized with the Yoast SEO plugin v27.5 - https:\/\/yoast.com\/product\/yoast-seo-wordpress\/ -->\n<title>Dentalna protetika - Poliklinika Kne\u017eevi\u0107 - Dubrovnik<\/title>\n<meta name=\"description\" content=\"Dentalna protetika omogu\u0107uje nadoknadu zubi fiksnim (krunice, mostovi, ljuskice), mobilnim i kombiniranim protetskim nadomjescima.\" \/>\n<meta name=\"robots\" content=\"index, follow, max-snippet:-1, max-image-preview:large, max-video-preview:-1\" \/>\n<link rel=\"canonical\" href=\"https:\/\/stomatoloska-poliklinika-dr-knezevic.hr\/wordpress\/usluge-poliklinike-knezevic-dubrovnik\/dentalna-protetika\/\" \/>\n<meta property=\"og:locale\" content=\"hr_HR\" \/>\n<meta property=\"og:type\" content=\"article\" \/>\n<meta property=\"og:title\" content=\"Dentalna protetika - Poliklinika Kne\u017eevi\u0107 - Dubrovnik\" \/>\n<meta property=\"og:description\" content=\"Dentalna protetika omogu\u0107uje nadoknadu zubi fiksnim (krunice, mostovi, ljuskice), mobilnim i kombiniranim protetskim nadomjescima.\" \/>\n<meta property=\"og:url\" content=\"https:\/\/stomatoloska-poliklinika-dr-knezevic.hr\/wordpress\/usluge-poliklinike-knezevic-dubrovnik\/dentalna-protetika\/\" \/>\n<meta property=\"og:site_name\" content=\"Poliklinika Kne\u017eevi\u0107 - Dubrovnik\" \/>\n<meta property=\"article:modified_time\" content=\"2018-05-25T13:13:48+00:00\" \/>\n<meta name=\"twitter:card\" content=\"summary_large_image\" \/>\n<meta name=\"twitter:label1\" content=\"Procijenjeno vrijeme \u010ditanja\" \/>\n\t<meta name=\"twitter:data1\" content=\"2 minute\" \/>\n<script type=\"application\/ld+json\" class=\"yoast-schema-graph\">{\"@context\":\"https:\\\/\\\/schema.org\",\"@graph\":[{\"@type\":\"WebPage\",\"@id\":\"https:\\\/\\\/stomatoloska-poliklinika-dr-knezevic.hr\\\/wordpress\\\/usluge-poliklinike-knezevic-dubrovnik\\\/dentalna-protetika\\\/\",\"url\":\"https:\\\/\\\/stomatoloska-poliklinika-dr-knezevic.hr\\\/wordpress\\\/usluge-poliklinike-knezevic-dubrovnik\\\/dentalna-protetika\\\/\",\"name\":\"Dentalna protetika - Poliklinika Kne\u017eevi\u0107 - Dubrovnik\",\"isPartOf\":{\"@id\":\"https:\\\/\\\/stomatoloska-poliklinika-dr-knezevic.hr\\\/wordpress\\\/#website\"},\"datePublished\":\"2017-06-21T19:17:09+00:00\",\"dateModified\":\"2018-05-25T13:13:48+00:00\",\"description\":\"Dentalna protetika omogu\u0107uje nadoknadu zubi fiksnim (krunice, mostovi, ljuskice), mobilnim i kombiniranim protetskim nadomjescima.\",\"breadcrumb\":{\"@id\":\"https:\\\/\\\/stomatoloska-poliklinika-dr-knezevic.hr\\\/wordpress\\\/usluge-poliklinike-knezevic-dubrovnik\\\/dentalna-protetika\\\/#breadcrumb\"},\"inLanguage\":\"hr\",\"potentialAction\":[{\"@type\":\"ReadAction\",\"target\":[\"https:\\\/\\\/stomatoloska-poliklinika-dr-knezevic.hr\\\/wordpress\\\/usluge-poliklinike-knezevic-dubrovnik\\\/dentalna-protetika\\\/\"]}]},{\"@type\":\"BreadcrumbList\",\"@id\":\"https:\\\/\\\/stomatoloska-poliklinika-dr-knezevic.hr\\\/wordpress\\\/usluge-poliklinike-knezevic-dubrovnik\\\/dentalna-protetika\\\/#breadcrumb\",\"itemListElement\":[{\"@type\":\"ListItem\",\"position\":1,\"name\":\"Home\",\"item\":\"https:\\\/\\\/stomatoloska-poliklinika-dr-knezevic.hr\\\/wordpress\\\/\"},{\"@type\":\"ListItem\",\"position\":2,\"name\":\"Stomatolo\u0161ke usluge\",\"item\":\"https:\\\/\\\/stomatoloska-poliklinika-dr-knezevic.hr\\\/wordpress\\\/usluge-poliklinike-knezevic-dubrovnik\\\/\"},{\"@type\":\"ListItem\",\"position\":3,\"name\":\"Dentalna protetika\"}]},{\"@type\":\"WebSite\",\"@id\":\"https:\\\/\\\/stomatoloska-poliklinika-dr-knezevic.hr\\\/wordpress\\\/#website\",\"url\":\"https:\\\/\\\/stomatoloska-poliklinika-dr-knezevic.hr\\\/wordpress\\\/\",\"name\":\"Poliklinika Kne\u017eevi\u0107 - Dubrovnik\",\"description\":\"\",\"potentialAction\":[{\"@type\":\"SearchAction\",\"target\":{\"@type\":\"EntryPoint\",\"urlTemplate\":\"https:\\\/\\\/stomatoloska-poliklinika-dr-knezevic.hr\\\/wordpress\\\/?s={search_term_string}\"},\"query-input\":{\"@type\":\"PropertyValueSpecification\",\"valueRequired\":true,\"valueName\":\"search_term_string\"}}],\"inLanguage\":\"hr\"}]}<\/script>\n<!-- \/ Yoast SEO plugin. -->","yoast_head_json":{"title":"Dentalna protetika - Poliklinika Kne\u017eevi\u0107 - Dubrovnik","description":"Dentalna protetika omogu\u0107uje nadoknadu zubi fiksnim (krunice, mostovi, ljuskice), mobilnim i kombiniranim protetskim nadomjescima.","robots":{"index":"index","follow":"follow","max-snippet":"max-snippet:-1","max-image-preview":"max-image-preview:large","max-video-preview":"max-video-preview:-1"},"canonical":"https:\/\/stomatoloska-poliklinika-dr-knezevic.hr\/wordpress\/usluge-poliklinike-knezevic-dubrovnik\/dentalna-protetika\/","og_locale":"hr_HR","og_type":"article","og_title":"Dentalna protetika - Poliklinika Kne\u017eevi\u0107 - Dubrovnik","og_description":"Dentalna protetika omogu\u0107uje nadoknadu zubi fiksnim (krunice, mostovi, ljuskice), mobilnim i kombiniranim protetskim nadomjescima.","og_url":"https:\/\/stomatoloska-poliklinika-dr-knezevic.hr\/wordpress\/usluge-poliklinike-knezevic-dubrovnik\/dentalna-protetika\/","og_site_name":"Poliklinika Kne\u017eevi\u0107 - Dubrovnik","article_modified_time":"2018-05-25T13:13:48+00:00","twitter_card":"summary_large_image","twitter_misc":{"Procijenjeno vrijeme \u010ditanja":"2 minute"},"schema":{"@context":"https:\/\/schema.org","@graph":[{"@type":"WebPage","@id":"https:\/\/stomatoloska-poliklinika-dr-knezevic.hr\/wordpress\/usluge-poliklinike-knezevic-dubrovnik\/dentalna-protetika\/","url":"https:\/\/stomatoloska-poliklinika-dr-knezevic.hr\/wordpress\/usluge-poliklinike-knezevic-dubrovnik\/dentalna-protetika\/","name":"Dentalna protetika - Poliklinika Kne\u017eevi\u0107 - Dubrovnik","isPartOf":{"@id":"https:\/\/stomatoloska-poliklinika-dr-knezevic.hr\/wordpress\/#website"},"datePublished":"2017-06-21T19:17:09+00:00","dateModified":"2018-05-25T13:13:48+00:00","description":"Dentalna protetika omogu\u0107uje nadoknadu zubi fiksnim (krunice, mostovi, ljuskice), mobilnim i kombiniranim protetskim nadomjescima.","breadcrumb":{"@id":"https:\/\/stomatoloska-poliklinika-dr-knezevic.hr\/wordpress\/usluge-poliklinike-knezevic-dubrovnik\/dentalna-protetika\/#breadcrumb"},"inLanguage":"hr","potentialAction":[{"@type":"ReadAction","target":["https:\/\/stomatoloska-poliklinika-dr-knezevic.hr\/wordpress\/usluge-poliklinike-knezevic-dubrovnik\/dentalna-protetika\/"]}]},{"@type":"BreadcrumbList","@id":"https:\/\/stomatoloska-poliklinika-dr-knezevic.hr\/wordpress\/usluge-poliklinike-knezevic-dubrovnik\/dentalna-protetika\/#breadcrumb","itemListElement":[{"@type":"ListItem","position":1,"name":"Home","item":"https:\/\/stomatoloska-poliklinika-dr-knezevic.hr\/wordpress\/"},{"@type":"ListItem","position":2,"name":"Stomatolo\u0161ke usluge","item":"https:\/\/stomatoloska-poliklinika-dr-knezevic.hr\/wordpress\/usluge-poliklinike-knezevic-dubrovnik\/"},{"@type":"ListItem","position":3,"name":"Dentalna protetika"}]},{"@type":"WebSite","@id":"https:\/\/stomatoloska-poliklinika-dr-knezevic.hr\/wordpress\/#website","url":"https:\/\/stomatoloska-poliklinika-dr-knezevic.hr\/wordpress\/","name":"Poliklinika Kne\u017eevi\u0107 - Dubrovnik","description":"","potentialAction":[{"@type":"SearchAction","target":{"@type":"EntryPoint","urlTemplate":"https:\/\/stomatoloska-poliklinika-dr-knezevic.hr\/wordpress\/?s={search_term_string}"},"query-input":{"@type":"PropertyValueSpecification","valueRequired":true,"valueName":"search_term_string"}}],"inLanguage":"hr"}]}},"_links":{"self":[{"href":"https:\/\/stomatoloska-poliklinika-dr-knezevic.hr\/wordpress\/wp-json\/wp\/v2\/pages\/711","targetHints":{"allow":["GET"]}}],"collection":[{"href":"https:\/\/stomatoloska-poliklinika-dr-knezevic.hr\/wordpress\/wp-json\/wp\/v2\/pages"}],"about":[{"href":"https:\/\/stomatoloska-poliklinika-dr-knezevic.hr\/wordpress\/wp-json\/wp\/v2\/types\/page"}],"author":[{"embeddable":true,"href":"https:\/\/stomatoloska-poliklinika-dr-knezevic.hr\/wordpress\/wp-json\/wp\/v2\/users\/1"}],"replies":[{"embeddable":true,"href":"https:\/\/stomatoloska-poliklinika-dr-knezevic.hr\/wordpress\/wp-json\/wp\/v2\/comments?post=711"}],"version-history":[{"count":5,"href":"https:\/\/stomatoloska-poliklinika-dr-knezevic.hr\/wordpress\/wp-json\/wp\/v2\/pages\/711\/revisions"}],"predecessor-version":[{"id":852,"href":"https:\/\/stomatoloska-poliklinika-dr-knezevic.hr\/wordpress\/wp-json\/wp\/v2\/pages\/711\/revisions\/852"}],"up":[{"embeddable":true,"href":"https:\/\/stomatoloska-poliklinika-dr-knezevic.hr\/wordpress\/wp-json\/wp\/v2\/pages\/653"}],"wp:attachment":[{"href":"https:\/\/stomatoloska-poliklinika-dr-knezevic.hr\/wordpress\/wp-json\/wp\/v2\/media?parent=711"}],"curies":[{"name":"wp","href":"https:\/\/api.w.org\/{rel}","templated":true}]}}